{"id":9,"date":"2016-01-22T23:39:19","date_gmt":"2016-01-22T22:39:19","guid":{"rendered":"http:\/\/okmr.biziel.pl\/wordpress\/?page_id=9"},"modified":"2018-11-12T09:53:02","modified_gmt":"2018-11-12T08:53:02","slug":"kontakt","status":"publish","type":"page","link":"https:\/\/okmr.biziel.pl\/?page_id=9","title":{"rendered":"Kontakt"},"content":{"rendered":"<p><span style=\"color: #000000;\"><strong>Tel.\/fax 52\u00a0371 26 35<\/strong> &#8211; REJESTRACJA ODDZIA\u0141U KLINICZNEGO MEDYCYNY RATUNKOWEJ \u2013 czynna ca\u0142\u0105 dob\u0119<\/span><br \/>\n<span style=\"color: #000000;\"><strong>Tel. 52 365 5664<\/strong> &#8211; LEKARZ KIERUJ\u0104CY ODDZIA\u0141EM<\/span><br \/>\n<span style=\"color: #000000;\"><strong>Tel. 52 365 5764<\/strong> &#8211; LEKARZ DY\u017bURNY<\/span><br \/>\n<span style=\"color: #000000;\"><strong>Tel.\/fax 52 365 5209<\/strong> &#8211; SEKRETARIAT<\/span><br \/>\n<span style=\"color: #000000;\"><strong>Tel.\/fax 52 365 5207<\/strong> \u2013 PIEL\u0118GNIARKA ODDZIA\u0141OWA<\/span><\/p>\n<p><strong> Email: <\/strong><a href=\"mailto:ratownictwo@biziel.pl\">ratownictwo@biziel.pl<\/a><\/p>\n","protected":false},"excerpt":{"rendered":"<p>Tel.\/fax 52\u00a0371 26 35 &#8211; REJESTRACJA ODDZIA\u0141U KLINICZNEGO MEDYCYNY RATUNKOWEJ \u2013 czynna ca\u0142\u0105 dob\u0119 Tel. 52 365 5664 &#8211; LEKARZ KIERUJ\u0104CY ODDZIA\u0141EM Tel. 52 365 5764 &#8211; LEKARZ DY\u017bURNY Tel.\/fax 52 365 5209 &#8211; SEKRETARIAT Tel.\/fax 52 365 5207 \u2013 PIEL\u0118GNIARKA ODDZIA\u0141OWA Email: ratownictwo@biziel.pl<\/p>\n","protected":false},"author":1,"featured_media":0,"parent":0,"menu_order":10,"comment_status":"closed","ping_status":"closed","template":"onecolumn-page.php","meta":{"footnotes":""},"class_list":["post-9","page","type-page","status-publish","hentry"],"_links":{"self":[{"href":"https:\/\/okmr.biziel.pl\/index.php?rest_route=\/wp\/v2\/pages\/9","targetHints":{"allow":["GET"]}}],"collection":[{"href":"https:\/\/okmr.biziel.pl\/index.php?rest_route=\/wp\/v2\/pages"}],"about":[{"href":"https:\/\/okmr.biziel.pl\/index.php?rest_route=\/wp\/v2\/types\/page"}],"author":[{"embeddable":true,"href":"https:\/\/okmr.biziel.pl\/index.php?rest_route=\/wp\/v2\/users\/1"}],"replies":[{"embeddable":true,"href":"https:\/\/okmr.biziel.pl\/index.php?rest_route=%2Fwp%2Fv2%2Fcomments&post=9"}],"version-history":[{"count":22,"href":"https:\/\/okmr.biziel.pl\/index.php?rest_route=\/wp\/v2\/pages\/9\/revisions"}],"predecessor-version":[{"id":3046,"href":"https:\/\/okmr.biziel.pl\/index.php?rest_route=\/wp\/v2\/pages\/9\/revisions\/3046"}],"wp:attachment":[{"href":"https:\/\/okmr.biziel.pl\/index.php?rest_route=%2Fwp%2Fv2%2Fmedia&parent=9"}],"curies":[{"name":"wp","href":"https:\/\/api.w.org\/{rel}","templated":true}]}}