{"id":647,"date":"2016-02-17T20:35:55","date_gmt":"2016-02-17T19:35:55","guid":{"rendered":"http:\/\/okmr.biziel.pl\/?page_id=647"},"modified":"2018-11-12T09:52:41","modified_gmt":"2018-11-12T08:52:41","slug":"kopernik-2015-lodz","status":"publish","type":"page","link":"https:\/\/okmr.biziel.pl\/?page_id=647","title":{"rendered":""},"content":{"rendered":"<p><strong>VIII Og\u00f3lnopolska Konferencja Medycyny Ratunkowej KOPERNIK \u0141\u00f3d\u017a 2015<\/strong><\/p>\n<p><a href=\"http:\/\/okmr.biziel.pl\/wp-content\/uploads\/2016\/02\/VIII-Og\u00f3lnopolska-Konferencja-Medycyny-Ratunkowej-KOPERNIK-2015.jpg\"><img loading=\"lazy\" decoding=\"async\" class=\"aligncenter size-full wp-image-651\" title=\"VIII Og\u00f3lnopolska Konferencja Medycyny Ratunkowej KOPERNIK 2015\" src=\"http:\/\/okmr.biziel.pl\/wp-content\/uploads\/2016\/02\/VIII-Og\u00f3lnopolska-Konferencja-Medycyny-Ratunkowej-KOPERNIK-2015.jpg\" alt=\"\" width=\"735\" height=\"413\" srcset=\"https:\/\/okmr.biziel.pl\/wp-content\/uploads\/2016\/02\/VIII-Og\u00f3lnopolska-Konferencja-Medycyny-Ratunkowej-KOPERNIK-2015.jpg 3840w, https:\/\/okmr.biziel.pl\/wp-content\/uploads\/2016\/02\/VIII-Og\u00f3lnopolska-Konferencja-Medycyny-Ratunkowej-KOPERNIK-2015-300x168.jpg 300w, https:\/\/okmr.biziel.pl\/wp-content\/uploads\/2016\/02\/VIII-Og\u00f3lnopolska-Konferencja-Medycyny-Ratunkowej-KOPERNIK-2015-1024x576.jpg 1024w\" sizes=\"auto, (max-width: 735px) 100vw, 735px\" \/><\/a><\/p>\n","protected":false},"excerpt":{"rendered":"<p>VIII Og\u00f3lnopolska Konferencja Medycyny Ratunkowej KOPERNIK \u0141\u00f3d\u017a 2015<\/p>\n","protected":false},"author":3,"featured_media":0,"parent":616,"menu_order":4,"comment_status":"closed","ping_status":"closed","template":"onecolumn-page.php","meta":{"footnotes":""},"class_list":["post-647","page","type-page","status-publish","hentry"],"_links":{"self":[{"href":"https:\/\/okmr.biziel.pl\/index.php?rest_route=\/wp\/v2\/pages\/647","targetHints":{"allow":["GET"]}}],"collection":[{"href":"https:\/\/okmr.biziel.pl\/index.php?rest_route=\/wp\/v2\/pages"}],"about":[{"href":"https:\/\/okmr.biziel.pl\/index.php?rest_route=\/wp\/v2\/types\/page"}],"author":[{"embeddable":true,"href":"https:\/\/okmr.biziel.pl\/index.php?rest_route=\/wp\/v2\/users\/3"}],"replies":[{"embeddable":true,"href":"https:\/\/okmr.biziel.pl\/index.php?rest_route=%2Fwp%2Fv2%2Fcomments&post=647"}],"version-history":[{"count":16,"href":"https:\/\/okmr.biziel.pl\/index.php?rest_route=\/wp\/v2\/pages\/647\/revisions"}],"predecessor-version":[{"id":3042,"href":"https:\/\/okmr.biziel.pl\/index.php?rest_route=\/wp\/v2\/pages\/647\/revisions\/3042"}],"up":[{"embeddable":true,"href":"https:\/\/okmr.biziel.pl\/index.php?rest_route=\/wp\/v2\/pages\/616"}],"wp:attachment":[{"href":"https:\/\/okmr.biziel.pl\/index.php?rest_route=%2Fwp%2Fv2%2Fmedia&parent=647"}],"curies":[{"name":"wp","href":"https:\/\/api.w.org\/{rel}","templated":true}]}}