{"id":3481,"date":"2023-06-20T07:03:15","date_gmt":"2023-06-20T06:03:15","guid":{"rendered":"https:\/\/okmr.biziel.pl\/?page_id=3481"},"modified":"2023-06-20T07:04:36","modified_gmt":"2023-06-20T06:04:36","slug":"festyn-rodzinny-w-zlobku-nr-12-balbina","status":"publish","type":"page","link":"https:\/\/okmr.biziel.pl\/?page_id=3481","title":{"rendered":"Festyn rodzinny w \u017b\u0142obku nr 12 &#8222;Balbina&#8221;"},"content":{"rendered":"\n<p class=\"justify-text\">W dniu 06.06.2023 r. ratownicy naszego Oddzia\u0142u uczestniczyli w Festynie Rodzinnym zorganizowanym przez \u017b\u0142obek nr 12 &#8222;Balbina&#8221; w Bydgoszczy. Dzieci mia\u0142y okazj\u0119 zobaczy\u0107 karetk\u0119, zapozna\u0107 si\u0119 z jej wyposa\u017ceniem, a tak\u017ce usi\u0105\u015b\u0107 na miejscu kierowcy. Dla rodzic\u00f3w i opiekun\u00f3w przygotowano pokaz pierwszej pomocy z elementami szkolenia w tym zakresie. Pogoda i nastroje dopisa\u0142y. Dzi\u0119kujemy ratownikom za po\u015bwi\u0119cony czas.<\/p>\n\n\n\n<figure class=\"wp-block-gallery has-nested-images columns-default is-cropped wp-block-gallery-1 is-layout-flex wp-block-gallery-is-layout-flex\">\n<figure class=\"wp-block-image size-large\"><a href=\"https:\/\/okmr.biziel.pl\/wp-content\/uploads\/2023\/06\/IMG-20230606-WA0006.jpg\"><img loading=\"lazy\" decoding=\"async\" width=\"768\" height=\"1024\" data-id=\"3487\" src=\"https:\/\/okmr.biziel.pl\/wp-content\/uploads\/2023\/06\/IMG-20230606-WA0006-768x1024.jpg\" alt=\"\" class=\"wp-image-3487\" srcset=\"https:\/\/okmr.biziel.pl\/wp-content\/uploads\/2023\/06\/IMG-20230606-WA0006-768x1024.jpg 768w, https:\/\/okmr.biziel.pl\/wp-content\/uploads\/2023\/06\/IMG-20230606-WA0006-225x300.jpg 225w, https:\/\/okmr.biziel.pl\/wp-content\/uploads\/2023\/06\/IMG-20230606-WA0006-1152x1536.jpg 1152w, https:\/\/okmr.biziel.pl\/wp-content\/uploads\/2023\/06\/IMG-20230606-WA0006.jpg 1512w\" sizes=\"auto, (max-width: 706px) 89vw, (max-width: 767px) 82vw, 740px\" \/><\/a><\/figure>\n\n\n\n<figure class=\"wp-block-image size-large\"><a href=\"https:\/\/okmr.biziel.pl\/wp-content\/uploads\/2023\/06\/IMG-20230606-WA0007.jpg\"><img loading=\"lazy\" decoding=\"async\" width=\"768\" height=\"1024\" data-id=\"3483\" src=\"https:\/\/okmr.biziel.pl\/wp-content\/uploads\/2023\/06\/IMG-20230606-WA0007-768x1024.jpg\" alt=\"\" class=\"wp-image-3483\" srcset=\"https:\/\/okmr.biziel.pl\/wp-content\/uploads\/2023\/06\/IMG-20230606-WA0007-768x1024.jpg 768w, https:\/\/okmr.biziel.pl\/wp-content\/uploads\/2023\/06\/IMG-20230606-WA0007-225x300.jpg 225w, https:\/\/okmr.biziel.pl\/wp-content\/uploads\/2023\/06\/IMG-20230606-WA0007-1152x1536.jpg 1152w, https:\/\/okmr.biziel.pl\/wp-content\/uploads\/2023\/06\/IMG-20230606-WA0007.jpg 1512w\" sizes=\"auto, (max-width: 706px) 89vw, (max-width: 767px) 82vw, 740px\" \/><\/a><\/figure>\n\n\n\n<figure class=\"wp-block-image size-large\"><a href=\"https:\/\/okmr.biziel.pl\/wp-content\/uploads\/2023\/06\/IMG-20230606-WA0015.jpg\"><img loading=\"lazy\" decoding=\"async\" width=\"768\" height=\"1024\" data-id=\"3486\" src=\"https:\/\/okmr.biziel.pl\/wp-content\/uploads\/2023\/06\/IMG-20230606-WA0015-768x1024.jpg\" alt=\"\" class=\"wp-image-3486\" srcset=\"https:\/\/okmr.biziel.pl\/wp-content\/uploads\/2023\/06\/IMG-20230606-WA0015-768x1024.jpg 768w, https:\/\/okmr.biziel.pl\/wp-content\/uploads\/2023\/06\/IMG-20230606-WA0015-225x300.jpg 225w, https:\/\/okmr.biziel.pl\/wp-content\/uploads\/2023\/06\/IMG-20230606-WA0015-1152x1536.jpg 1152w, https:\/\/okmr.biziel.pl\/wp-content\/uploads\/2023\/06\/IMG-20230606-WA0015.jpg 1512w\" sizes=\"auto, (max-width: 706px) 89vw, (max-width: 767px) 82vw, 740px\" \/><\/a><\/figure>\n\n\n\n<figure class=\"wp-block-image size-large\"><a href=\"https:\/\/okmr.biziel.pl\/wp-content\/uploads\/2023\/06\/IMG-20230606-WA0008.jpg\"><img loading=\"lazy\" decoding=\"async\" width=\"1024\" height=\"768\" data-id=\"3489\" src=\"https:\/\/okmr.biziel.pl\/wp-content\/uploads\/2023\/06\/IMG-20230606-WA0008-1024x768.jpg\" alt=\"\" class=\"wp-image-3489\" srcset=\"https:\/\/okmr.biziel.pl\/wp-content\/uploads\/2023\/06\/IMG-20230606-WA0008-1024x768.jpg 1024w, https:\/\/okmr.biziel.pl\/wp-content\/uploads\/2023\/06\/IMG-20230606-WA0008-300x225.jpg 300w, https:\/\/okmr.biziel.pl\/wp-content\/uploads\/2023\/06\/IMG-20230606-WA0008-768x576.jpg 768w, https:\/\/okmr.biziel.pl\/wp-content\/uploads\/2023\/06\/IMG-20230606-WA0008-1536x1152.jpg 1536w, https:\/\/okmr.biziel.pl\/wp-content\/uploads\/2023\/06\/IMG-20230606-WA0008.jpg 2016w\" sizes=\"auto, (max-width: 706px) 89vw, (max-width: 767px) 82vw, 740px\" \/><\/a><\/figure>\n\n\n\n<figure class=\"wp-block-image size-large\"><a href=\"https:\/\/okmr.biziel.pl\/wp-content\/uploads\/2023\/06\/IMG-20230606-WA0009.jpg\"><img loading=\"lazy\" decoding=\"async\" width=\"1024\" height=\"768\" data-id=\"3490\" src=\"https:\/\/okmr.biziel.pl\/wp-content\/uploads\/2023\/06\/IMG-20230606-WA0009-1024x768.jpg\" alt=\"\" class=\"wp-image-3490\" srcset=\"https:\/\/okmr.biziel.pl\/wp-content\/uploads\/2023\/06\/IMG-20230606-WA0009-1024x768.jpg 1024w, https:\/\/okmr.biziel.pl\/wp-content\/uploads\/2023\/06\/IMG-20230606-WA0009-300x225.jpg 300w, https:\/\/okmr.biziel.pl\/wp-content\/uploads\/2023\/06\/IMG-20230606-WA0009-768x576.jpg 768w, https:\/\/okmr.biziel.pl\/wp-content\/uploads\/2023\/06\/IMG-20230606-WA0009-1536x1152.jpg 1536w, https:\/\/okmr.biziel.pl\/wp-content\/uploads\/2023\/06\/IMG-20230606-WA0009.jpg 2016w\" sizes=\"auto, (max-width: 706px) 89vw, (max-width: 767px) 82vw, 740px\" \/><\/a><\/figure>\n\n\n\n<figure class=\"wp-block-image size-large\"><a href=\"https:\/\/okmr.biziel.pl\/wp-content\/uploads\/2023\/06\/IMG-20230606-WA0010.jpg\"><img loading=\"lazy\" decoding=\"async\" width=\"1024\" height=\"768\" data-id=\"3488\" src=\"https:\/\/okmr.biziel.pl\/wp-content\/uploads\/2023\/06\/IMG-20230606-WA0010-1024x768.jpg\" alt=\"\" class=\"wp-image-3488\" srcset=\"https:\/\/okmr.biziel.pl\/wp-content\/uploads\/2023\/06\/IMG-20230606-WA0010-1024x768.jpg 1024w, https:\/\/okmr.biziel.pl\/wp-content\/uploads\/2023\/06\/IMG-20230606-WA0010-300x225.jpg 300w, https:\/\/okmr.biziel.pl\/wp-content\/uploads\/2023\/06\/IMG-20230606-WA0010-768x576.jpg 768w, https:\/\/okmr.biziel.pl\/wp-content\/uploads\/2023\/06\/IMG-20230606-WA0010-1536x1152.jpg 1536w, https:\/\/okmr.biziel.pl\/wp-content\/uploads\/2023\/06\/IMG-20230606-WA0010.jpg 2016w\" sizes=\"auto, (max-width: 706px) 89vw, (max-width: 767px) 82vw, 740px\" \/><\/a><\/figure>\n\n\n\n<figure class=\"wp-block-image size-large\"><a href=\"https:\/\/okmr.biziel.pl\/wp-content\/uploads\/2023\/06\/IMG-20230606-WA0011.jpg\"><img loading=\"lazy\" decoding=\"async\" width=\"1024\" height=\"768\" data-id=\"3492\" src=\"https:\/\/okmr.biziel.pl\/wp-content\/uploads\/2023\/06\/IMG-20230606-WA0011-1024x768.jpg\" alt=\"\" class=\"wp-image-3492\" srcset=\"https:\/\/okmr.biziel.pl\/wp-content\/uploads\/2023\/06\/IMG-20230606-WA0011-1024x768.jpg 1024w, https:\/\/okmr.biziel.pl\/wp-content\/uploads\/2023\/06\/IMG-20230606-WA0011-300x225.jpg 300w, https:\/\/okmr.biziel.pl\/wp-content\/uploads\/2023\/06\/IMG-20230606-WA0011-768x576.jpg 768w, https:\/\/okmr.biziel.pl\/wp-content\/uploads\/2023\/06\/IMG-20230606-WA0011-1536x1152.jpg 1536w, https:\/\/okmr.biziel.pl\/wp-content\/uploads\/2023\/06\/IMG-20230606-WA0011.jpg 2016w\" sizes=\"auto, (max-width: 706px) 89vw, (max-width: 767px) 82vw, 740px\" \/><\/a><\/figure>\n\n\n\n<figure class=\"wp-block-image size-large\"><a href=\"https:\/\/okmr.biziel.pl\/wp-content\/uploads\/2023\/06\/IMG-20230606-WA0012.jpg\"><img loading=\"lazy\" decoding=\"async\" width=\"1024\" height=\"768\" data-id=\"3484\" src=\"https:\/\/okmr.biziel.pl\/wp-content\/uploads\/2023\/06\/IMG-20230606-WA0012-1024x768.jpg\" alt=\"\" class=\"wp-image-3484\" srcset=\"https:\/\/okmr.biziel.pl\/wp-content\/uploads\/2023\/06\/IMG-20230606-WA0012-1024x768.jpg 1024w, https:\/\/okmr.biziel.pl\/wp-content\/uploads\/2023\/06\/IMG-20230606-WA0012-300x225.jpg 300w, https:\/\/okmr.biziel.pl\/wp-content\/uploads\/2023\/06\/IMG-20230606-WA0012-768x576.jpg 768w, https:\/\/okmr.biziel.pl\/wp-content\/uploads\/2023\/06\/IMG-20230606-WA0012-1536x1152.jpg 1536w, https:\/\/okmr.biziel.pl\/wp-content\/uploads\/2023\/06\/IMG-20230606-WA0012.jpg 2016w\" sizes=\"auto, (max-width: 706px) 89vw, (max-width: 767px) 82vw, 740px\" \/><\/a><\/figure>\n\n\n\n<figure class=\"wp-block-image size-large\"><a href=\"https:\/\/okmr.biziel.pl\/wp-content\/uploads\/2023\/06\/IMG-20230606-WA0016.jpg\"><img loading=\"lazy\" decoding=\"async\" width=\"1024\" height=\"768\" data-id=\"3485\" src=\"https:\/\/okmr.biziel.pl\/wp-content\/uploads\/2023\/06\/IMG-20230606-WA0016-1024x768.jpg\" alt=\"\" class=\"wp-image-3485\" srcset=\"https:\/\/okmr.biziel.pl\/wp-content\/uploads\/2023\/06\/IMG-20230606-WA0016-1024x768.jpg 1024w, https:\/\/okmr.biziel.pl\/wp-content\/uploads\/2023\/06\/IMG-20230606-WA0016-300x225.jpg 300w, https:\/\/okmr.biziel.pl\/wp-content\/uploads\/2023\/06\/IMG-20230606-WA0016-768x576.jpg 768w, https:\/\/okmr.biziel.pl\/wp-content\/uploads\/2023\/06\/IMG-20230606-WA0016-1536x1152.jpg 1536w, https:\/\/okmr.biziel.pl\/wp-content\/uploads\/2023\/06\/IMG-20230606-WA0016.jpg 2016w\" sizes=\"auto, (max-width: 706px) 89vw, (max-width: 767px) 82vw, 740px\" \/><\/a><\/figure>\n\n\n\n<figure class=\"wp-block-image size-large\"><a href=\"https:\/\/okmr.biziel.pl\/wp-content\/uploads\/2023\/06\/IMG-20230606-WA0018.jpg\"><img loading=\"lazy\" decoding=\"async\" width=\"1024\" height=\"768\" data-id=\"3491\" src=\"https:\/\/okmr.biziel.pl\/wp-content\/uploads\/2023\/06\/IMG-20230606-WA0018-1024x768.jpg\" alt=\"\" class=\"wp-image-3491\" srcset=\"https:\/\/okmr.biziel.pl\/wp-content\/uploads\/2023\/06\/IMG-20230606-WA0018-1024x768.jpg 1024w, https:\/\/okmr.biziel.pl\/wp-content\/uploads\/2023\/06\/IMG-20230606-WA0018-300x225.jpg 300w, https:\/\/okmr.biziel.pl\/wp-content\/uploads\/2023\/06\/IMG-20230606-WA0018-768x576.jpg 768w, https:\/\/okmr.biziel.pl\/wp-content\/uploads\/2023\/06\/IMG-20230606-WA0018-1536x1152.jpg 1536w, https:\/\/okmr.biziel.pl\/wp-content\/uploads\/2023\/06\/IMG-20230606-WA0018.jpg 1824w\" sizes=\"auto, (max-width: 706px) 89vw, (max-width: 767px) 82vw, 740px\" \/><\/a><\/figure>\n\n\n\n<figure class=\"wp-block-image size-large\"><a href=\"https:\/\/okmr.biziel.pl\/wp-content\/uploads\/2023\/06\/podziekowanie-dla-karetki.jpg\"><img loading=\"lazy\" decoding=\"async\" width=\"724\" height=\"1024\" data-id=\"3482\" src=\"https:\/\/okmr.biziel.pl\/wp-content\/uploads\/2023\/06\/podziekowanie-dla-karetki-724x1024.jpg\" alt=\"\" class=\"wp-image-3482\" srcset=\"https:\/\/okmr.biziel.pl\/wp-content\/uploads\/2023\/06\/podziekowanie-dla-karetki-724x1024.jpg 724w, https:\/\/okmr.biziel.pl\/wp-content\/uploads\/2023\/06\/podziekowanie-dla-karetki-212x300.jpg 212w, https:\/\/okmr.biziel.pl\/wp-content\/uploads\/2023\/06\/podziekowanie-dla-karetki-768x1086.jpg 768w, https:\/\/okmr.biziel.pl\/wp-content\/uploads\/2023\/06\/podziekowanie-dla-karetki.jpg 827w\" sizes=\"auto, (max-width: 724px) 100vw, 724px\" \/><\/a><\/figure>\n<\/figure>\n","protected":false},"excerpt":{"rendered":"<p>W dniu 06.06.2023 r. ratownicy naszego Oddzia\u0142u uczestniczyli w Festynie Rodzinnym zorganizowanym przez \u017b\u0142obek nr 12 &#8222;Balbina&#8221; w Bydgoszczy. Dzieci mia\u0142y okazj\u0119 zobaczy\u0107 karetk\u0119, zapozna\u0107 si\u0119 z jej wyposa\u017ceniem, a tak\u017ce usi\u0105\u015b\u0107 na miejscu kierowcy. Dla rodzic\u00f3w i opiekun\u00f3w przygotowano pokaz pierwszej pomocy z elementami szkolenia w tym zakresie. Pogoda i nastroje dopisa\u0142y. Dzi\u0119kujemy ratownikom &hellip; <\/p>\n<p class=\"link-more\"><a href=\"https:\/\/okmr.biziel.pl\/?page_id=3481\" class=\"more-link\">Czytaj dalej<span class=\"screen-reader-text\"> \u201eFestyn rodzinny w \u017b\u0142obku nr 12 &#8222;Balbina&#8221;\u201d<\/span><\/a><\/p>\n","protected":false},"author":1,"featured_media":0,"parent":0,"menu_order":0,"comment_status":"closed","ping_status":"closed","template":"","meta":{"footnotes":""},"class_list":["post-3481","page","type-page","status-publish","hentry"],"_links":{"self":[{"href":"https:\/\/okmr.biziel.pl\/index.php?rest_route=\/wp\/v2\/pages\/3481","targetHints":{"allow":["GET"]}}],"collection":[{"href":"https:\/\/okmr.biziel.pl\/index.php?rest_route=\/wp\/v2\/pages"}],"about":[{"href":"https:\/\/okmr.biziel.pl\/index.php?rest_route=\/wp\/v2\/types\/page"}],"author":[{"embeddable":true,"href":"https:\/\/okmr.biziel.pl\/index.php?rest_route=\/wp\/v2\/users\/1"}],"replies":[{"embeddable":true,"href":"https:\/\/okmr.biziel.pl\/index.php?rest_route=%2Fwp%2Fv2%2Fcomments&post=3481"}],"version-history":[{"count":2,"href":"https:\/\/okmr.biziel.pl\/index.php?rest_route=\/wp\/v2\/pages\/3481\/revisions"}],"predecessor-version":[{"id":3494,"href":"https:\/\/okmr.biziel.pl\/index.php?rest_route=\/wp\/v2\/pages\/3481\/revisions\/3494"}],"wp:attachment":[{"href":"https:\/\/okmr.biziel.pl\/index.php?rest_route=%2Fwp%2Fv2%2Fmedia&parent=3481"}],"curies":[{"name":"wp","href":"https:\/\/api.w.org\/{rel}","templated":true}]}}