{"id":3421,"date":"2023-05-31T10:10:42","date_gmt":"2023-05-31T09:10:42","guid":{"rendered":"http:\/\/okmr.biziel.pl\/?page_id=3421"},"modified":"2023-05-31T10:36:04","modified_gmt":"2023-05-31T09:36:04","slug":"xv-ogolnopolski-konkurs-ratujemy-zycie-klas-iv-viii-szkol-podstawowych-calej-polski","status":"publish","type":"page","link":"https:\/\/okmr.biziel.pl\/?page_id=3421","title":{"rendered":"XV Og\u00f3lnopolski Konkurs &#8222;Ratujemy \u017cycie&#8221; klas IV-VIII szk\u00f3\u0142 podstawowych ca\u0142ej Polski"},"content":{"rendered":"\n<p class=\"justify-text\">27.05.2023 r w Szkole Podstawowej nr 34 odby\u0142 si\u0119 fina\u0142 XV Og\u00f3lnopolskiego Konkursu &#8222;Ratujemy \u017cycie&#8221;. Konkurs ma na celu popularyzacj\u0119 wiedzy dotycz\u0105cej pierwszej pomocy, doskonalenie praktycznych umiej\u0119tno\u015bci w tym zakresie, kszta\u0142towanie prawid\u0142owych reakcji i relacji wobec os\u00f3b poszkodowanych oraz kszta\u0142towanie umiej\u0119tno\u015bci reagowania w sytuacjach kryzysowych. W przygotowaniu i realizacji konkursu od wielu lat aktywny udzia\u0142 bierze Ewa Kami\u0144ska, ratownik medyczny naszego oddzia\u0142u, kt\u00f3ra jest tak\u017ce jednym z juror\u00f3w konkursu.<\/p>\n\n\n\n<p class=\"justify-text\">W tym roku nasz oddzia\u0142, po raz pierwszy, by\u0142 r\u00f3wnie\u017c jednym z fundator\u00f3w nagr\u00f3d dla uczestnik\u00f3w konkursu.<\/p>\n\n\n\n<figure class=\"wp-block-gallery has-nested-images columns-default is-cropped wp-block-gallery-1 is-layout-flex wp-block-gallery-is-layout-flex\">\n<figure class=\"wp-block-image size-large\"><a href=\"http:\/\/okmr.biziel.pl\/wp-content\/uploads\/2023\/05\/20230527_103454-scaled.jpg\"><img loading=\"lazy\" decoding=\"async\" width=\"1024\" height=\"768\" data-id=\"3424\" src=\"http:\/\/okmr.biziel.pl\/wp-content\/uploads\/2023\/05\/20230527_103454-1024x768.jpg\" alt=\"\" class=\"wp-image-3424\" srcset=\"https:\/\/okmr.biziel.pl\/wp-content\/uploads\/2023\/05\/20230527_103454-1024x768.jpg 1024w, https:\/\/okmr.biziel.pl\/wp-content\/uploads\/2023\/05\/20230527_103454-300x225.jpg 300w, https:\/\/okmr.biziel.pl\/wp-content\/uploads\/2023\/05\/20230527_103454-768x576.jpg 768w, https:\/\/okmr.biziel.pl\/wp-content\/uploads\/2023\/05\/20230527_103454-1536x1152.jpg 1536w, https:\/\/okmr.biziel.pl\/wp-content\/uploads\/2023\/05\/20230527_103454-2048x1536.jpg 2048w\" sizes=\"auto, (max-width: 706px) 89vw, (max-width: 767px) 82vw, 740px\" \/><\/a><\/figure>\n\n\n\n<figure class=\"wp-block-image size-large\"><a href=\"http:\/\/okmr.biziel.pl\/wp-content\/uploads\/2023\/05\/20230527_103523-3-scaled.jpg\"><img loading=\"lazy\" decoding=\"async\" width=\"1024\" height=\"768\" data-id=\"3444\" src=\"http:\/\/okmr.biziel.pl\/wp-content\/uploads\/2023\/05\/20230527_103523-3-1024x768.jpg\" alt=\"\" class=\"wp-image-3444\" srcset=\"https:\/\/okmr.biziel.pl\/wp-content\/uploads\/2023\/05\/20230527_103523-3-1024x768.jpg 1024w, https:\/\/okmr.biziel.pl\/wp-content\/uploads\/2023\/05\/20230527_103523-3-300x225.jpg 300w, https:\/\/okmr.biziel.pl\/wp-content\/uploads\/2023\/05\/20230527_103523-3-768x576.jpg 768w, https:\/\/okmr.biziel.pl\/wp-content\/uploads\/2023\/05\/20230527_103523-3-1536x1152.jpg 1536w, https:\/\/okmr.biziel.pl\/wp-content\/uploads\/2023\/05\/20230527_103523-3-2048x1536.jpg 2048w\" sizes=\"auto, (max-width: 706px) 89vw, (max-width: 767px) 82vw, 740px\" \/><\/a><\/figure>\n\n\n\n<figure class=\"wp-block-image size-large\"><a href=\"http:\/\/okmr.biziel.pl\/wp-content\/uploads\/2023\/05\/20230527_111639-2-scaled.jpg\"><img loading=\"lazy\" decoding=\"async\" width=\"1024\" height=\"768\" data-id=\"3442\" src=\"http:\/\/okmr.biziel.pl\/wp-content\/uploads\/2023\/05\/20230527_111639-2-1024x768.jpg\" alt=\"\" class=\"wp-image-3442\" srcset=\"https:\/\/okmr.biziel.pl\/wp-content\/uploads\/2023\/05\/20230527_111639-2-1024x768.jpg 1024w, https:\/\/okmr.biziel.pl\/wp-content\/uploads\/2023\/05\/20230527_111639-2-300x225.jpg 300w, https:\/\/okmr.biziel.pl\/wp-content\/uploads\/2023\/05\/20230527_111639-2-768x576.jpg 768w, https:\/\/okmr.biziel.pl\/wp-content\/uploads\/2023\/05\/20230527_111639-2-1536x1152.jpg 1536w, https:\/\/okmr.biziel.pl\/wp-content\/uploads\/2023\/05\/20230527_111639-2-2048x1536.jpg 2048w\" sizes=\"auto, (max-width: 706px) 89vw, (max-width: 767px) 82vw, 740px\" \/><\/a><\/figure>\n\n\n\n<figure class=\"wp-block-image size-large\"><a href=\"http:\/\/okmr.biziel.pl\/wp-content\/uploads\/2023\/05\/IMG-20230527-WA0005-2.jpg\"><img loading=\"lazy\" decoding=\"async\" width=\"1024\" height=\"768\" data-id=\"3440\" src=\"http:\/\/okmr.biziel.pl\/wp-content\/uploads\/2023\/05\/IMG-20230527-WA0005-2-1024x768.jpg\" alt=\"\" class=\"wp-image-3440\" srcset=\"https:\/\/okmr.biziel.pl\/wp-content\/uploads\/2023\/05\/IMG-20230527-WA0005-2-1024x768.jpg 1024w, https:\/\/okmr.biziel.pl\/wp-content\/uploads\/2023\/05\/IMG-20230527-WA0005-2-300x225.jpg 300w, https:\/\/okmr.biziel.pl\/wp-content\/uploads\/2023\/05\/IMG-20230527-WA0005-2-768x576.jpg 768w, https:\/\/okmr.biziel.pl\/wp-content\/uploads\/2023\/05\/IMG-20230527-WA0005-2-1536x1152.jpg 1536w, https:\/\/okmr.biziel.pl\/wp-content\/uploads\/2023\/05\/IMG-20230527-WA0005-2.jpg 1600w\" sizes=\"auto, (max-width: 706px) 89vw, (max-width: 767px) 82vw, 740px\" \/><\/a><\/figure>\n\n\n\n<figure class=\"wp-block-image size-large\"><a href=\"http:\/\/okmr.biziel.pl\/wp-content\/uploads\/2023\/05\/IMG-20230527-WA0006.jpg\"><img loading=\"lazy\" decoding=\"async\" width=\"1024\" height=\"768\" data-id=\"3423\" src=\"http:\/\/okmr.biziel.pl\/wp-content\/uploads\/2023\/05\/IMG-20230527-WA0006-1024x768.jpg\" alt=\"\" class=\"wp-image-3423\" srcset=\"https:\/\/okmr.biziel.pl\/wp-content\/uploads\/2023\/05\/IMG-20230527-WA0006-1024x768.jpg 1024w, https:\/\/okmr.biziel.pl\/wp-content\/uploads\/2023\/05\/IMG-20230527-WA0006-300x225.jpg 300w, https:\/\/okmr.biziel.pl\/wp-content\/uploads\/2023\/05\/IMG-20230527-WA0006-768x576.jpg 768w, https:\/\/okmr.biziel.pl\/wp-content\/uploads\/2023\/05\/IMG-20230527-WA0006-1536x1152.jpg 1536w, https:\/\/okmr.biziel.pl\/wp-content\/uploads\/2023\/05\/IMG-20230527-WA0006.jpg 1600w\" sizes=\"auto, (max-width: 706px) 89vw, (max-width: 767px) 82vw, 740px\" \/><\/a><\/figure>\n\n\n\n<figure class=\"wp-block-image size-large\"><a href=\"http:\/\/okmr.biziel.pl\/wp-content\/uploads\/2023\/05\/IMG-20230527-WA0007-3.jpg\"><img loading=\"lazy\" decoding=\"async\" width=\"1024\" height=\"768\" data-id=\"3443\" src=\"http:\/\/okmr.biziel.pl\/wp-content\/uploads\/2023\/05\/IMG-20230527-WA0007-3-1024x768.jpg\" alt=\"\" class=\"wp-image-3443\" srcset=\"https:\/\/okmr.biziel.pl\/wp-content\/uploads\/2023\/05\/IMG-20230527-WA0007-3-1024x768.jpg 1024w, https:\/\/okmr.biziel.pl\/wp-content\/uploads\/2023\/05\/IMG-20230527-WA0007-3-300x225.jpg 300w, https:\/\/okmr.biziel.pl\/wp-content\/uploads\/2023\/05\/IMG-20230527-WA0007-3-768x576.jpg 768w, https:\/\/okmr.biziel.pl\/wp-content\/uploads\/2023\/05\/IMG-20230527-WA0007-3-1536x1152.jpg 1536w, https:\/\/okmr.biziel.pl\/wp-content\/uploads\/2023\/05\/IMG-20230527-WA0007-3.jpg 2016w\" sizes=\"auto, (max-width: 706px) 89vw, (max-width: 767px) 82vw, 740px\" \/><\/a><\/figure>\n\n\n\n<figure class=\"wp-block-image size-large\"><a href=\"http:\/\/okmr.biziel.pl\/wp-content\/uploads\/2023\/05\/IMG-20230527-WA0011-1.jpg\"><img loading=\"lazy\" decoding=\"async\" width=\"1024\" height=\"768\" data-id=\"3434\" src=\"http:\/\/okmr.biziel.pl\/wp-content\/uploads\/2023\/05\/IMG-20230527-WA0011-1-1024x768.jpg\" alt=\"\" class=\"wp-image-3434\" srcset=\"https:\/\/okmr.biziel.pl\/wp-content\/uploads\/2023\/05\/IMG-20230527-WA0011-1-1024x768.jpg 1024w, https:\/\/okmr.biziel.pl\/wp-content\/uploads\/2023\/05\/IMG-20230527-WA0011-1-300x225.jpg 300w, https:\/\/okmr.biziel.pl\/wp-content\/uploads\/2023\/05\/IMG-20230527-WA0011-1-768x576.jpg 768w, https:\/\/okmr.biziel.pl\/wp-content\/uploads\/2023\/05\/IMG-20230527-WA0011-1-1536x1152.jpg 1536w, https:\/\/okmr.biziel.pl\/wp-content\/uploads\/2023\/05\/IMG-20230527-WA0011-1.jpg 1600w\" sizes=\"auto, (max-width: 706px) 89vw, (max-width: 767px) 82vw, 740px\" \/><\/a><\/figure>\n\n\n\n<figure class=\"wp-block-image size-large\"><a href=\"http:\/\/okmr.biziel.pl\/wp-content\/uploads\/2023\/05\/IMG-20230527-WA0012.jpg\"><img loading=\"lazy\" decoding=\"async\" width=\"1024\" height=\"768\" data-id=\"3430\" src=\"http:\/\/okmr.biziel.pl\/wp-content\/uploads\/2023\/05\/IMG-20230527-WA0012-1024x768.jpg\" alt=\"\" class=\"wp-image-3430\" srcset=\"https:\/\/okmr.biziel.pl\/wp-content\/uploads\/2023\/05\/IMG-20230527-WA0012-1024x768.jpg 1024w, https:\/\/okmr.biziel.pl\/wp-content\/uploads\/2023\/05\/IMG-20230527-WA0012-300x225.jpg 300w, https:\/\/okmr.biziel.pl\/wp-content\/uploads\/2023\/05\/IMG-20230527-WA0012-768x576.jpg 768w, https:\/\/okmr.biziel.pl\/wp-content\/uploads\/2023\/05\/IMG-20230527-WA0012-1536x1152.jpg 1536w, https:\/\/okmr.biziel.pl\/wp-content\/uploads\/2023\/05\/IMG-20230527-WA0012.jpg 1600w\" sizes=\"auto, (max-width: 706px) 89vw, (max-width: 767px) 82vw, 740px\" \/><\/a><\/figure>\n\n\n\n<figure class=\"wp-block-image size-large\"><a href=\"http:\/\/okmr.biziel.pl\/wp-content\/uploads\/2023\/05\/IMG-20230527-WA0013.jpg\"><img loading=\"lazy\" decoding=\"async\" width=\"1024\" height=\"768\" data-id=\"3428\" src=\"http:\/\/okmr.biziel.pl\/wp-content\/uploads\/2023\/05\/IMG-20230527-WA0013-1024x768.jpg\" alt=\"\" class=\"wp-image-3428\" srcset=\"https:\/\/okmr.biziel.pl\/wp-content\/uploads\/2023\/05\/IMG-20230527-WA0013-1024x768.jpg 1024w, https:\/\/okmr.biziel.pl\/wp-content\/uploads\/2023\/05\/IMG-20230527-WA0013-300x225.jpg 300w, https:\/\/okmr.biziel.pl\/wp-content\/uploads\/2023\/05\/IMG-20230527-WA0013-768x576.jpg 768w, https:\/\/okmr.biziel.pl\/wp-content\/uploads\/2023\/05\/IMG-20230527-WA0013-1536x1152.jpg 1536w, https:\/\/okmr.biziel.pl\/wp-content\/uploads\/2023\/05\/IMG-20230527-WA0013.jpg 1600w\" sizes=\"auto, (max-width: 706px) 89vw, (max-width: 767px) 82vw, 740px\" \/><\/a><\/figure>\n\n\n\n<figure class=\"wp-block-image size-large\"><a href=\"http:\/\/okmr.biziel.pl\/wp-content\/uploads\/2023\/05\/IMG-20230527-WA0003.jpg\"><img loading=\"lazy\" decoding=\"async\" width=\"768\" height=\"1024\" data-id=\"3422\" src=\"http:\/\/okmr.biziel.pl\/wp-content\/uploads\/2023\/05\/IMG-20230527-WA0003-768x1024.jpg\" alt=\"\" class=\"wp-image-3422\" srcset=\"https:\/\/okmr.biziel.pl\/wp-content\/uploads\/2023\/05\/IMG-20230527-WA0003-768x1024.jpg 768w, https:\/\/okmr.biziel.pl\/wp-content\/uploads\/2023\/05\/IMG-20230527-WA0003-225x300.jpg 225w, https:\/\/okmr.biziel.pl\/wp-content\/uploads\/2023\/05\/IMG-20230527-WA0003-1152x1536.jpg 1152w, https:\/\/okmr.biziel.pl\/wp-content\/uploads\/2023\/05\/IMG-20230527-WA0003.jpg 1200w\" sizes=\"auto, (max-width: 706px) 89vw, (max-width: 767px) 82vw, 740px\" \/><\/a><\/figure>\n\n\n\n<figure class=\"wp-block-image size-large\"><a href=\"http:\/\/okmr.biziel.pl\/wp-content\/uploads\/2023\/05\/Podziekowania_Ewa_Kaminska.png\"><img loading=\"lazy\" decoding=\"async\" width=\"629\" height=\"1024\" data-id=\"3459\" src=\"http:\/\/okmr.biziel.pl\/wp-content\/uploads\/2023\/05\/Podziekowania_Ewa_Kaminska-629x1024.png\" alt=\"\" class=\"wp-image-3459\" srcset=\"https:\/\/okmr.biziel.pl\/wp-content\/uploads\/2023\/05\/Podziekowania_Ewa_Kaminska-629x1024.png 629w, https:\/\/okmr.biziel.pl\/wp-content\/uploads\/2023\/05\/Podziekowania_Ewa_Kaminska-184x300.png 184w, https:\/\/okmr.biziel.pl\/wp-content\/uploads\/2023\/05\/Podziekowania_Ewa_Kaminska-768x1250.png 768w, https:\/\/okmr.biziel.pl\/wp-content\/uploads\/2023\/05\/Podziekowania_Ewa_Kaminska-944x1536.png 944w, https:\/\/okmr.biziel.pl\/wp-content\/uploads\/2023\/05\/Podziekowania_Ewa_Kaminska-1258x2048.png 1258w\" sizes=\"auto, (max-width: 629px) 100vw, 629px\" \/><\/a><\/figure>\n\n\n\n<figure class=\"wp-block-image size-large\"><a href=\"http:\/\/okmr.biziel.pl\/wp-content\/uploads\/2023\/05\/Podziekowania_OKMR.png\"><img loading=\"lazy\" decoding=\"async\" width=\"672\" height=\"1024\" data-id=\"3460\" src=\"http:\/\/okmr.biziel.pl\/wp-content\/uploads\/2023\/05\/Podziekowania_OKMR-672x1024.png\" alt=\"\" class=\"wp-image-3460\" srcset=\"https:\/\/okmr.biziel.pl\/wp-content\/uploads\/2023\/05\/Podziekowania_OKMR-672x1024.png 672w, https:\/\/okmr.biziel.pl\/wp-content\/uploads\/2023\/05\/Podziekowania_OKMR-197x300.png 197w, https:\/\/okmr.biziel.pl\/wp-content\/uploads\/2023\/05\/Podziekowania_OKMR-768x1170.png 768w, https:\/\/okmr.biziel.pl\/wp-content\/uploads\/2023\/05\/Podziekowania_OKMR-1008x1536.png 1008w, https:\/\/okmr.biziel.pl\/wp-content\/uploads\/2023\/05\/Podziekowania_OKMR-1344x2048.png 1344w\" sizes=\"auto, (max-width: 672px) 100vw, 672px\" \/><\/a><\/figure>\n<\/figure>\n","protected":false},"excerpt":{"rendered":"<p>27.05.2023 r w Szkole Podstawowej nr 34 odby\u0142 si\u0119 fina\u0142 XV Og\u00f3lnopolskiego Konkursu &#8222;Ratujemy \u017cycie&#8221;. Konkurs ma na celu popularyzacj\u0119 wiedzy dotycz\u0105cej pierwszej pomocy, doskonalenie praktycznych umiej\u0119tno\u015bci w tym zakresie, kszta\u0142towanie prawid\u0142owych reakcji i relacji wobec os\u00f3b poszkodowanych oraz kszta\u0142towanie umiej\u0119tno\u015bci reagowania w sytuacjach kryzysowych. W przygotowaniu i realizacji konkursu od wielu lat aktywny udzia\u0142 &hellip; <\/p>\n<p class=\"link-more\"><a href=\"https:\/\/okmr.biziel.pl\/?page_id=3421\" class=\"more-link\">Czytaj dalej<span class=\"screen-reader-text\"> \u201eXV Og\u00f3lnopolski Konkurs &#8222;Ratujemy \u017cycie&#8221; klas IV-VIII szk\u00f3\u0142 podstawowych ca\u0142ej Polski\u201d<\/span><\/a><\/p>\n","protected":false},"author":1,"featured_media":0,"parent":0,"menu_order":0,"comment_status":"closed","ping_status":"closed","template":"","meta":{"footnotes":""},"class_list":["post-3421","page","type-page","status-publish","hentry"],"_links":{"self":[{"href":"https:\/\/okmr.biziel.pl\/index.php?rest_route=\/wp\/v2\/pages\/3421","targetHints":{"allow":["GET"]}}],"collection":[{"href":"https:\/\/okmr.biziel.pl\/index.php?rest_route=\/wp\/v2\/pages"}],"about":[{"href":"https:\/\/okmr.biziel.pl\/index.php?rest_route=\/wp\/v2\/types\/page"}],"author":[{"embeddable":true,"href":"https:\/\/okmr.biziel.pl\/index.php?rest_route=\/wp\/v2\/users\/1"}],"replies":[{"embeddable":true,"href":"https:\/\/okmr.biziel.pl\/index.php?rest_route=%2Fwp%2Fv2%2Fcomments&post=3421"}],"version-history":[{"count":8,"href":"https:\/\/okmr.biziel.pl\/index.php?rest_route=\/wp\/v2\/pages\/3421\/revisions"}],"predecessor-version":[{"id":3466,"href":"https:\/\/okmr.biziel.pl\/index.php?rest_route=\/wp\/v2\/pages\/3421\/revisions\/3466"}],"wp:attachment":[{"href":"https:\/\/okmr.biziel.pl\/index.php?rest_route=%2Fwp%2Fv2%2Fmedia&parent=3421"}],"curies":[{"name":"wp","href":"https:\/\/api.w.org\/{rel}","templated":true}]}}