{"id":2994,"date":"2018-11-12T09:37:43","date_gmt":"2018-11-12T08:37:43","guid":{"rendered":"http:\/\/okmr.biziel.pl\/?page_id=2994"},"modified":"2018-11-14T12:10:13","modified_gmt":"2018-11-14T11:10:13","slug":"cwiczenia-ratownicze-okmr-wrzesien-2018","status":"publish","type":"page","link":"https:\/\/okmr.biziel.pl\/?page_id=2994","title":{"rendered":"\u0106wiczenia ratownicze OKMR \u2013 wrzesie\u0144 2018"},"content":{"rendered":"<p style=\"text-align: justify;\">14 wrze\u015bnia 2018 r., ju\u017c po raz trzeci, w le\u015bnej i wodnej scenerii Kr\u00f3wki Le\u015bnej odby\u0142y si\u0119 \u0107wiczenia ratownicze zorganizowane przez Damiana D\u0119beckiego, ratownika medycznego Oddzia\u0142u Klinicznego Medycyny Ratunkowej. \u00a0W \u0107wiczeniach, opr\u00f3cz pracownik\u00f3w OKMR, wsp\u00f3\u0142uczestniczyli: OSP z Gminy Koronowo, Nadle\u015bnictwa R\u00f3\u017canna, nurkowie z JRG PSP w Bydgoszczy oraz ogniwo wodne kujawsko-pomorskiego WOPR. Atrakcj\u0105 \u0107wicze\u0144 by\u0142o gaszenie po\u017caru przez samolot patrolowo-ga\u015bniczy Dromader oraz udost\u0119pniony przez firm\u0119 Auxilium motobi quad. Transport medyczny pacjent\u00f3w zabezpiecza\u0142a firma Duomedic.<\/p>\n<p>Scenariusz \u0107wicze\u0144 obejmowa\u0142 akcj\u0119 ratunkow\u0105 prowadzon\u0105 zar\u00f3wno na l\u0105dzie jak i na wodzie: ratowanie ofiar z po\u017caru domku letniskowego, poszkodowanych pasa\u017cer\u00f3w auta przygniecionego przez drzewo oraz ton\u0105cego. Poszkodowani zostali przetransportowani do szpitala polowego, gdzie udzielono im pomocy. Jedn\u0105 z ofiar by\u0142o niemowl\u0119. Koordynatorem dzia\u0142a\u0144 medycznych by\u0142a Dorota Warzocha, ratownik medyczny OKMR.<\/p>\n<p>Po raz kolejny wsp\u00f3\u0142praca wszystkich s\u0142u\u017cb okaza\u0142a si\u0119 niezb\u0119dna a zdobyte do\u015bwiadczenie bezcenne.<\/p>\n<div id='gallery-1' class='gallery galleryid-2994 gallery-columns-3 gallery-size-thumbnail'><figure class='gallery-item'>\n\t\t\t<div class='gallery-icon landscape'>\n\t\t\t\t<a href='https:\/\/okmr.biziel.pl\/?attachment_id=2995'><img loading=\"lazy\" decoding=\"async\" width=\"150\" height=\"150\" src=\"https:\/\/okmr.biziel.pl\/wp-content\/uploads\/2018\/11\/DSCN5061-150x150.jpg\" class=\"attachment-thumbnail size-thumbnail\" alt=\"\" sizes=\"auto, 100vw\" \/><\/a>\n\t\t\t<\/div><\/figure><figure class='gallery-item'>\n\t\t\t<div class='gallery-icon landscape'>\n\t\t\t\t<a href='https:\/\/okmr.biziel.pl\/?attachment_id=2996'><img loading=\"lazy\" decoding=\"async\" width=\"150\" height=\"150\" src=\"https:\/\/okmr.biziel.pl\/wp-content\/uploads\/2018\/11\/DSCN5068-150x150.jpg\" class=\"attachment-thumbnail size-thumbnail\" alt=\"\" sizes=\"auto, 100vw\" \/><\/a>\n\t\t\t<\/div><\/figure><figure class='gallery-item'>\n\t\t\t<div class='gallery-icon landscape'>\n\t\t\t\t<a href='https:\/\/okmr.biziel.pl\/?attachment_id=2997'><img loading=\"lazy\" decoding=\"async\" width=\"150\" height=\"150\" src=\"https:\/\/okmr.biziel.pl\/wp-content\/uploads\/2018\/11\/DSCN5074-150x150.jpg\" class=\"attachment-thumbnail size-thumbnail\" alt=\"\" sizes=\"auto, 100vw\" \/><\/a>\n\t\t\t<\/div><\/figure><figure class='gallery-item'>\n\t\t\t<div class='gallery-icon landscape'>\n\t\t\t\t<a href='https:\/\/okmr.biziel.pl\/?attachment_id=2998'><img loading=\"lazy\" decoding=\"async\" width=\"150\" height=\"150\" src=\"https:\/\/okmr.biziel.pl\/wp-content\/uploads\/2018\/11\/DSCN5109-150x150.jpg\" class=\"attachment-thumbnail size-thumbnail\" alt=\"\" sizes=\"auto, 100vw\" \/><\/a>\n\t\t\t<\/div><\/figure><figure class='gallery-item'>\n\t\t\t<div class='gallery-icon landscape'>\n\t\t\t\t<a href='https:\/\/okmr.biziel.pl\/?attachment_id=2999'><img loading=\"lazy\" decoding=\"async\" width=\"150\" height=\"150\" src=\"https:\/\/okmr.biziel.pl\/wp-content\/uploads\/2018\/11\/DSCN5121-150x150.jpg\" class=\"attachment-thumbnail size-thumbnail\" alt=\"\" sizes=\"auto, 100vw\" \/><\/a>\n\t\t\t<\/div><\/figure><figure class='gallery-item'>\n\t\t\t<div class='gallery-icon landscape'>\n\t\t\t\t<a href='https:\/\/okmr.biziel.pl\/?attachment_id=3000'><img loading=\"lazy\" decoding=\"async\" width=\"150\" height=\"150\" src=\"https:\/\/okmr.biziel.pl\/wp-content\/uploads\/2018\/11\/DSCN5126-150x150.jpg\" class=\"attachment-thumbnail size-thumbnail\" alt=\"\" sizes=\"auto, 100vw\" \/><\/a>\n\t\t\t<\/div><\/figure><figure class='gallery-item'>\n\t\t\t<div class='gallery-icon landscape'>\n\t\t\t\t<a href='https:\/\/okmr.biziel.pl\/?attachment_id=3001'><img loading=\"lazy\" decoding=\"async\" width=\"150\" height=\"150\" src=\"https:\/\/okmr.biziel.pl\/wp-content\/uploads\/2018\/11\/DSCN5148-150x150.jpg\" class=\"attachment-thumbnail size-thumbnail\" alt=\"\" sizes=\"auto, 100vw\" \/><\/a>\n\t\t\t<\/div><\/figure><figure class='gallery-item'>\n\t\t\t<div class='gallery-icon landscape'>\n\t\t\t\t<a href='https:\/\/okmr.biziel.pl\/?attachment_id=3002'><img loading=\"lazy\" decoding=\"async\" width=\"150\" height=\"150\" src=\"https:\/\/okmr.biziel.pl\/wp-content\/uploads\/2018\/11\/DSCN5153-150x150.jpg\" class=\"attachment-thumbnail size-thumbnail\" alt=\"\" sizes=\"auto, 100vw\" \/><\/a>\n\t\t\t<\/div><\/figure><figure class='gallery-item'>\n\t\t\t<div class='gallery-icon landscape'>\n\t\t\t\t<a href='https:\/\/okmr.biziel.pl\/?attachment_id=3003'><img loading=\"lazy\" decoding=\"async\" width=\"150\" height=\"150\" src=\"https:\/\/okmr.biziel.pl\/wp-content\/uploads\/2018\/11\/DSCN5155-150x150.jpg\" class=\"attachment-thumbnail size-thumbnail\" alt=\"\" sizes=\"auto, 100vw\" \/><\/a>\n\t\t\t<\/div><\/figure><figure class='gallery-item'>\n\t\t\t<div class='gallery-icon landscape'>\n\t\t\t\t<a href='https:\/\/okmr.biziel.pl\/?attachment_id=3004'><img loading=\"lazy\" decoding=\"async\" width=\"150\" height=\"150\" src=\"https:\/\/okmr.biziel.pl\/wp-content\/uploads\/2018\/11\/DSCN5158-150x150.jpg\" class=\"attachment-thumbnail size-thumbnail\" alt=\"\" sizes=\"auto, 100vw\" \/><\/a>\n\t\t\t<\/div><\/figure><figure class='gallery-item'>\n\t\t\t<div class='gallery-icon landscape'>\n\t\t\t\t<a href='https:\/\/okmr.biziel.pl\/?attachment_id=3005'><img loading=\"lazy\" decoding=\"async\" width=\"150\" height=\"150\" src=\"https:\/\/okmr.biziel.pl\/wp-content\/uploads\/2018\/11\/DSCN5163-150x150.jpg\" class=\"attachment-thumbnail size-thumbnail\" alt=\"\" sizes=\"auto, 100vw\" \/><\/a>\n\t\t\t<\/div><\/figure><figure class='gallery-item'>\n\t\t\t<div class='gallery-icon landscape'>\n\t\t\t\t<a href='https:\/\/okmr.biziel.pl\/?attachment_id=3006'><img loading=\"lazy\" decoding=\"async\" width=\"150\" height=\"150\" src=\"https:\/\/okmr.biziel.pl\/wp-content\/uploads\/2018\/11\/DSCN5179-150x150.jpg\" class=\"attachment-thumbnail size-thumbnail\" alt=\"\" sizes=\"auto, 100vw\" \/><\/a>\n\t\t\t<\/div><\/figure><figure class='gallery-item'>\n\t\t\t<div class='gallery-icon landscape'>\n\t\t\t\t<a href='https:\/\/okmr.biziel.pl\/?attachment_id=3007'><img loading=\"lazy\" decoding=\"async\" width=\"150\" height=\"150\" src=\"https:\/\/okmr.biziel.pl\/wp-content\/uploads\/2018\/11\/DSCN5182-150x150.jpg\" class=\"attachment-thumbnail size-thumbnail\" alt=\"\" sizes=\"auto, 100vw\" \/><\/a>\n\t\t\t<\/div><\/figure><figure class='gallery-item'>\n\t\t\t<div class='gallery-icon landscape'>\n\t\t\t\t<a href='https:\/\/okmr.biziel.pl\/?attachment_id=3008'><img loading=\"lazy\" decoding=\"async\" width=\"150\" height=\"150\" src=\"https:\/\/okmr.biziel.pl\/wp-content\/uploads\/2018\/11\/DSCN5202-150x150.jpg\" class=\"attachment-thumbnail size-thumbnail\" alt=\"\" sizes=\"auto, 100vw\" \/><\/a>\n\t\t\t<\/div><\/figure><figure class='gallery-item'>\n\t\t\t<div class='gallery-icon portrait'>\n\t\t\t\t<a href='https:\/\/okmr.biziel.pl\/?attachment_id=3009'><img loading=\"lazy\" decoding=\"async\" width=\"150\" height=\"150\" src=\"https:\/\/okmr.biziel.pl\/wp-content\/uploads\/2018\/11\/DSCN5203-150x150.jpg\" class=\"attachment-thumbnail size-thumbnail\" alt=\"\" sizes=\"auto, 100vw\" \/><\/a>\n\t\t\t<\/div><\/figure><figure class='gallery-item'>\n\t\t\t<div class='gallery-icon landscape'>\n\t\t\t\t<a href='https:\/\/okmr.biziel.pl\/?attachment_id=3010'><img loading=\"lazy\" decoding=\"async\" width=\"150\" height=\"150\" src=\"https:\/\/okmr.biziel.pl\/wp-content\/uploads\/2018\/11\/DSCN5216-150x150.jpg\" class=\"attachment-thumbnail size-thumbnail\" alt=\"\" sizes=\"auto, 100vw\" \/><\/a>\n\t\t\t<\/div><\/figure><figure class='gallery-item'>\n\t\t\t<div class='gallery-icon landscape'>\n\t\t\t\t<a href='https:\/\/okmr.biziel.pl\/?attachment_id=3011'><img loading=\"lazy\" decoding=\"async\" width=\"150\" height=\"150\" src=\"https:\/\/okmr.biziel.pl\/wp-content\/uploads\/2018\/11\/DSCN5217-150x150.jpg\" class=\"attachment-thumbnail size-thumbnail\" alt=\"\" sizes=\"auto, 100vw\" \/><\/a>\n\t\t\t<\/div><\/figure><figure class='gallery-item'>\n\t\t\t<div class='gallery-icon landscape'>\n\t\t\t\t<a href='https:\/\/okmr.biziel.pl\/?attachment_id=3012'><img loading=\"lazy\" decoding=\"async\" width=\"150\" height=\"150\" src=\"https:\/\/okmr.biziel.pl\/wp-content\/uploads\/2018\/11\/DSCN5226-150x150.jpg\" class=\"attachment-thumbnail size-thumbnail\" alt=\"\" sizes=\"auto, 100vw\" \/><\/a>\n\t\t\t<\/div><\/figure><figure class='gallery-item'>\n\t\t\t<div class='gallery-icon landscape'>\n\t\t\t\t<a href='https:\/\/okmr.biziel.pl\/?attachment_id=3013'><img loading=\"lazy\" decoding=\"async\" width=\"150\" height=\"150\" src=\"https:\/\/okmr.biziel.pl\/wp-content\/uploads\/2018\/11\/DSCN5231-150x150.jpg\" class=\"attachment-thumbnail size-thumbnail\" alt=\"\" sizes=\"auto, 100vw\" \/><\/a>\n\t\t\t<\/div><\/figure><figure class='gallery-item'>\n\t\t\t<div class='gallery-icon landscape'>\n\t\t\t\t<a href='https:\/\/okmr.biziel.pl\/?attachment_id=3014'><img loading=\"lazy\" decoding=\"async\" width=\"150\" height=\"150\" src=\"https:\/\/okmr.biziel.pl\/wp-content\/uploads\/2018\/11\/DSCN5238-150x150.jpg\" class=\"attachment-thumbnail size-thumbnail\" alt=\"\" sizes=\"auto, 100vw\" \/><\/a>\n\t\t\t<\/div><\/figure><figure class='gallery-item'>\n\t\t\t<div class='gallery-icon landscape'>\n\t\t\t\t<a href='https:\/\/okmr.biziel.pl\/?attachment_id=3015'><img loading=\"lazy\" decoding=\"async\" width=\"150\" height=\"150\" src=\"https:\/\/okmr.biziel.pl\/wp-content\/uploads\/2018\/11\/DSCN5246-150x150.jpg\" class=\"attachment-thumbnail size-thumbnail\" alt=\"\" sizes=\"auto, 100vw\" \/><\/a>\n\t\t\t<\/div><\/figure><figure class='gallery-item'>\n\t\t\t<div class='gallery-icon landscape'>\n\t\t\t\t<a href='https:\/\/okmr.biziel.pl\/?attachment_id=3016'><img loading=\"lazy\" decoding=\"async\" width=\"150\" height=\"150\" src=\"https:\/\/okmr.biziel.pl\/wp-content\/uploads\/2018\/11\/DSCN5253-150x150.jpg\" class=\"attachment-thumbnail size-thumbnail\" alt=\"\" sizes=\"auto, 100vw\" \/><\/a>\n\t\t\t<\/div><\/figure><figure class='gallery-item'>\n\t\t\t<div class='gallery-icon landscape'>\n\t\t\t\t<a href='https:\/\/okmr.biziel.pl\/?attachment_id=3017'><img loading=\"lazy\" decoding=\"async\" width=\"150\" height=\"150\" src=\"https:\/\/okmr.biziel.pl\/wp-content\/uploads\/2018\/11\/DSCN5264-150x150.jpg\" class=\"attachment-thumbnail size-thumbnail\" alt=\"\" sizes=\"auto, 100vw\" \/><\/a>\n\t\t\t<\/div><\/figure><figure class='gallery-item'>\n\t\t\t<div class='gallery-icon landscape'>\n\t\t\t\t<a href='https:\/\/okmr.biziel.pl\/?attachment_id=3018'><img loading=\"lazy\" decoding=\"async\" width=\"150\" height=\"150\" src=\"https:\/\/okmr.biziel.pl\/wp-content\/uploads\/2018\/11\/DSCN5322-150x150.jpg\" class=\"attachment-thumbnail size-thumbnail\" alt=\"\" sizes=\"auto, 100vw\" \/><\/a>\n\t\t\t<\/div><\/figure><figure class='gallery-item'>\n\t\t\t<div class='gallery-icon landscape'>\n\t\t\t\t<a href='https:\/\/okmr.biziel.pl\/?attachment_id=3019'><img loading=\"lazy\" decoding=\"async\" width=\"150\" height=\"150\" src=\"https:\/\/okmr.biziel.pl\/wp-content\/uploads\/2018\/11\/DSCN5329-150x150.jpg\" class=\"attachment-thumbnail size-thumbnail\" alt=\"\" sizes=\"auto, 100vw\" \/><\/a>\n\t\t\t<\/div><\/figure><figure class='gallery-item'>\n\t\t\t<div class='gallery-icon landscape'>\n\t\t\t\t<a href='https:\/\/okmr.biziel.pl\/?attachment_id=3020'><img loading=\"lazy\" decoding=\"async\" width=\"150\" height=\"150\" src=\"https:\/\/okmr.biziel.pl\/wp-content\/uploads\/2018\/11\/DSCN5344-150x150.jpg\" class=\"attachment-thumbnail size-thumbnail\" alt=\"\" sizes=\"auto, 100vw\" \/><\/a>\n\t\t\t<\/div><\/figure><figure class='gallery-item'>\n\t\t\t<div class='gallery-icon landscape'>\n\t\t\t\t<a href='https:\/\/okmr.biziel.pl\/?attachment_id=3021'><img loading=\"lazy\" decoding=\"async\" width=\"150\" height=\"150\" src=\"https:\/\/okmr.biziel.pl\/wp-content\/uploads\/2018\/11\/FB_IMG_1541711124407-150x150.jpg\" class=\"attachment-thumbnail size-thumbnail\" alt=\"\" sizes=\"auto, 100vw\" \/><\/a>\n\t\t\t<\/div><\/figure><figure class='gallery-item'>\n\t\t\t<div class='gallery-icon landscape'>\n\t\t\t\t<a href='https:\/\/okmr.biziel.pl\/?attachment_id=3022'><img loading=\"lazy\" decoding=\"async\" width=\"150\" height=\"150\" src=\"https:\/\/okmr.biziel.pl\/wp-content\/uploads\/2018\/11\/FB_IMG_1541711132894-150x150.jpg\" class=\"attachment-thumbnail size-thumbnail\" alt=\"\" sizes=\"auto, 100vw\" \/><\/a>\n\t\t\t<\/div><\/figure><figure class='gallery-item'>\n\t\t\t<div class='gallery-icon landscape'>\n\t\t\t\t<a href='https:\/\/okmr.biziel.pl\/?attachment_id=3023'><img loading=\"lazy\" decoding=\"async\" width=\"150\" height=\"150\" src=\"https:\/\/okmr.biziel.pl\/wp-content\/uploads\/2018\/11\/FB_IMG_1541711138235-150x150.jpg\" class=\"attachment-thumbnail size-thumbnail\" alt=\"\" sizes=\"auto, 100vw\" \/><\/a>\n\t\t\t<\/div><\/figure><figure class='gallery-item'>\n\t\t\t<div class='gallery-icon landscape'>\n\t\t\t\t<a href='https:\/\/okmr.biziel.pl\/?attachment_id=3024'><img loading=\"lazy\" decoding=\"async\" width=\"150\" height=\"150\" src=\"https:\/\/okmr.biziel.pl\/wp-content\/uploads\/2018\/11\/FB_IMG_1541711219428-150x150.jpg\" class=\"attachment-thumbnail size-thumbnail\" alt=\"\" sizes=\"auto, 100vw\" \/><\/a>\n\t\t\t<\/div><\/figure><figure class='gallery-item'>\n\t\t\t<div class='gallery-icon landscape'>\n\t\t\t\t<a href='https:\/\/okmr.biziel.pl\/?attachment_id=3025'><img loading=\"lazy\" decoding=\"async\" width=\"150\" height=\"150\" src=\"https:\/\/okmr.biziel.pl\/wp-content\/uploads\/2018\/11\/FB_IMG_1541711232713-150x150.jpg\" class=\"attachment-thumbnail size-thumbnail\" alt=\"\" sizes=\"auto, 100vw\" \/><\/a>\n\t\t\t<\/div><\/figure>\n\t\t<\/div>\n\n<p>&nbsp;<\/p>\n","protected":false},"excerpt":{"rendered":"<p>14 wrze\u015bnia 2018 r., ju\u017c po raz trzeci, w le\u015bnej i wodnej scenerii Kr\u00f3wki Le\u015bnej odby\u0142y si\u0119 \u0107wiczenia ratownicze zorganizowane przez Damiana D\u0119beckiego, ratownika medycznego Oddzia\u0142u Klinicznego Medycyny Ratunkowej. \u00a0W \u0107wiczeniach, opr\u00f3cz pracownik\u00f3w OKMR, wsp\u00f3\u0142uczestniczyli: OSP z Gminy Koronowo, Nadle\u015bnictwa R\u00f3\u017canna, nurkowie z JRG PSP w Bydgoszczy oraz ogniwo wodne kujawsko-pomorskiego WOPR. Atrakcj\u0105 \u0107wicze\u0144 by\u0142o &hellip; <\/p>\n<p class=\"link-more\"><a href=\"https:\/\/okmr.biziel.pl\/?page_id=2994\" class=\"more-link\">Czytaj dalej<span class=\"screen-reader-text\"> \u201e\u0106wiczenia ratownicze OKMR \u2013 wrzesie\u0144 2018\u201d<\/span><\/a><\/p>\n","protected":false},"author":1,"featured_media":0,"parent":0,"menu_order":0,"comment_status":"closed","ping_status":"closed","template":"onecolumn-page.php","meta":{"footnotes":""},"class_list":["post-2994","page","type-page","status-publish","hentry"],"_links":{"self":[{"href":"https:\/\/okmr.biziel.pl\/index.php?rest_route=\/wp\/v2\/pages\/2994","targetHints":{"allow":["GET"]}}],"collection":[{"href":"https:\/\/okmr.biziel.pl\/index.php?rest_route=\/wp\/v2\/pages"}],"about":[{"href":"https:\/\/okmr.biziel.pl\/index.php?rest_route=\/wp\/v2\/types\/page"}],"author":[{"embeddable":true,"href":"https:\/\/okmr.biziel.pl\/index.php?rest_route=\/wp\/v2\/users\/1"}],"replies":[{"embeddable":true,"href":"https:\/\/okmr.biziel.pl\/index.php?rest_route=%2Fwp%2Fv2%2Fcomments&post=2994"}],"version-history":[{"count":3,"href":"https:\/\/okmr.biziel.pl\/index.php?rest_route=\/wp\/v2\/pages\/2994\/revisions"}],"predecessor-version":[{"id":3071,"href":"https:\/\/okmr.biziel.pl\/index.php?rest_route=\/wp\/v2\/pages\/2994\/revisions\/3071"}],"wp:attachment":[{"href":"https:\/\/okmr.biziel.pl\/index.php?rest_route=%2Fwp%2Fv2%2Fmedia&parent=2994"}],"curies":[{"name":"wp","href":"https:\/\/api.w.org\/{rel}","templated":true}]}}