{"id":2677,"date":"2018-02-10T12:20:30","date_gmt":"2018-02-10T11:20:30","guid":{"rendered":"http:\/\/okmr.biziel.pl\/?page_id=2677"},"modified":"2018-11-12T09:52:23","modified_gmt":"2018-11-12T08:52:23","slug":"zdarzenie-masowe-okmr","status":"publish","type":"page","link":"https:\/\/okmr.biziel.pl\/?page_id=2677","title":{"rendered":"Zdarzenie masowe \u2013 \u0107wiczenia w Oddziale Klinicznym Medycyny Ratunkowej"},"content":{"rendered":"<p style=\"text-align: justify;\"><strong>\u00a0<\/strong>W dniach 23 i 30 listopada oraz 7 grudnia 2017 r. w naszym oddziale zosta\u0142y przeprowadzone \u00a0\u00a0 \u0107wiczenia \u00a0\u00a0 symulacyjne \u00a0 ze zdarzenia masowego. W organizacji \u0107wicze\u0144 wsp\u00f3\u0142uczestniczyli studenci II roku Ratownictwa Medycznego CM oraz firma\u00a0 DUOMEDIC \u2013 Transport Medyczny.<br \/>\n\u0106wiczenia by\u0142y doskona\u0142\u0105 okazj\u0105 do sprawdzenia w praktyce skuteczno\u015bci dzia\u0142a\u0144 opisanych w Procedurze post\u0119powania na wypadek wyst\u0105pienia zdarzenia mnogiego\/masowego, realnego sprawdzenia wewn\u0119trznych procedur w zdarzeniu masowym a tak\u017ce doskonalenia umiej\u0119tno\u015bci personelu z zakresu segregacji poszkodowanych podczas takich zdarze\u0144. W trakcie \u0107wicze\u0144 doskonaleniu poddano r\u00f3wnie\u017c koordynacj\u0119 wszystkich dzia\u0142a\u0144: \u0142\u0105czno\u015b\u0107 wewn\u0119trzn\u0105, wsp\u00f3\u0142prac\u0119 z oddzia\u0142ami, z ochron\u0105 szpitala, oraz komunikacj\u0119 z rodzinami pacjent\u00f3w oraz osobami towarzysz\u0105cymi.<br \/>\n\u0106wiczenia odbywa\u0142y si\u0119 w czasie normalnej, codziennej pracy oddzia\u0142u, a szczeg\u00f3\u0142y scenariuszy nie by\u0142y znane personelowi.<br \/>\nNa potrzeby realizacji \u0107wicze\u0144 wsp\u00f3lnie ze studentami, kt\u00f3rzy p\u00f3\u017aniej odegrali rol\u0119 pozorant\u00f3w, opracowano trzy scenariusze zdarze\u0144 masowych. Pierwsze zdarzenie dotyczy\u0142o zagro\u017cenia bezpiecze\u0144stwa w ruchu drogowym, gdzie w wyniku uderzenia samochodu dostawczego w grup\u0119 os\u00f3b stoj\u0105cych na przystanku autobusowym do szpitala przywieziono 15 os\u00f3b, w tym 4 ci\u0119\u017cko ranne. W drugim scenariuszu dosz\u0142o do awarii i w nast\u0119pstwie tego, do wybuchu pieca w sklepie LIDL. Poszkodowanych zosta\u0142o 15 os\u00f3b, w tym 4 zosta\u0142y przywiezione do OKMR w stanie ci\u0119\u017ckim. Ostatni scenariusz dostarczy\u0142 wszystkim najwi\u0119cej emocji. W trakcie zaj\u0119\u0107 dydaktycznych studenci kierunku Ratownictwa Medycznego zostali zaatakowani no\u017cem przez swojego koleg\u0119. Napastnik by\u0142 pod wp\u0142ywem dopalaczy. \u0141\u0105cznie 15 os\u00f3b zosta\u0142o poszkodowanych w tym 4 ci\u0119\u017cko ranione no\u017cem przez sprawc\u0119.<br \/>\nW ka\u017cdej z symulacji poszkodowani byli w r\u00f3\u017cnym stanie \u2013 od przypadk\u00f3w najci\u0119\u017cszych do l\u017cej poszkodowanych. W zale\u017cno\u015bci od scenariusza poszkodowani byli z urazami wielonarz\u0105dowymi, z\u0142amaniami, obra\u017ceniami klatki piersiowej, g\u0142owy, z poparzeniami r\u00f3\u017cnego stopnia oraz ranami k\u0142utymi cia\u0142a.<br \/>\nPoszkodowani w ci\u0119\u017ckim stanie, dzi\u0119ki wsp\u00f3\u0142pracy z firm\u0105 transportowan\u0105 Duomedic, zostali przywiezieni ambulansami, inni dotarli do SOR samodzielnie. Przed przyj\u0119ciem do SOR zosta\u0142a przeprowadzona segregacja medyczna \u2013 TRIAGE, czyli ocena poszkodowanych w zale\u017cno\u015bci od stopnia obra\u017ce\u0144, parametr\u00f3w \u017cyciowych, rokowania. Wa\u017cnym elementem \u0107wicze\u0144 by\u0142a identyfikacja ofiar. Ca\u0142o\u015b\u0107 \u0107wicze\u0144 odbywa\u0142a si\u0119 w czasie rzeczywistym \u2013 do momentu zabezpieczenia podstawowych funkcji \u017cyciowych poszkodowanych i wdro\u017cenia ratunkowych procedur diagnostyczno-terapeutycznych. W czasie dw\u00f3ch godzin w stan podwy\u017cszonej gotowo\u015bci postawiony zosta\u0142 nie tylko szpitalny oddzia\u0142 ratunkowy, ale i ca\u0142y szpital. Z oddzia\u0142\u00f3w szpitalnych, do pomocy przy poszkodowanych, wezwano personel lekarski oraz piel\u0119gniarski. Tym samym zosta\u0142y utworzone zespo\u0142y urazowe, kt\u00f3re zabezpiecza\u0142y poszczeg\u00f3lne obszary dzia\u0142ania.<\/p>\n<p style=\"text-align: justify;\">W czasie \u0107wicze\u0144 personel musia\u0142 sprawdzi\u0107 si\u0119 tak\u017ce w kontaktach z pacjentami przywiezionymi w stanie silnego wzburzenia emocjonalnego oraz osobami towarzysz\u0105cymi poszkodowanym. Zar\u00f3wno jedni jak i drudzy swoim zachowaniem utrudniali personelowi niesienie pomocy a tak\u017ce przeszkadzali pracownikom rejestracji. W ca\u0142ym tym zamieszaniu zesp\u00f3\u0142 musia\u0142 przestrzega\u0107 wszystkich procedur i podejmowa\u0107 w\u0142a\u015bciwe decyzje medyczne.<br \/>\n\u0106wiczenia obserwowali wyznaczeni pracownicy, kt\u00f3rzy notowali, czy wszystko przebiega zgodnie z procedurami. Obserwatorami byli r\u00f3wnie\u017c studenci, kt\u00f3rzy przygotowali dokumentacj\u0119 fotograficzn\u0105 i filmow\u0105 z prowadzonych dzia\u0142a\u0144. Po \u0107wiczeniach wszystkie uwagi zosta\u0142y zebrane i om\u00f3wione. Wprowadzono te\u017c drobne poprawki w procedurach.<br \/>\nPodsumowuj\u0105c: \u0107wiczenia zako\u0144czy\u0142y si\u0119 pozytywnym odczuciem. Du\u017cym plusem, mimo, \u017ce wyczerpuj\u0105cym dla oddzia\u0142u, by\u0142o zorganizowanie trzech \u0107wicze\u0144 w kr\u00f3tkich odst\u0119pach czasu. By\u0142 to bardzo du\u017cy wysi\u0142ek dla zespo\u0142u OKMR, ale da\u0142o to gwarancj\u0119 uczestnictwa w \u0107wiczeniach znacznej cz\u0119\u015bci personelu medycznego oraz pozwoli\u0142o na bie\u017c\u0105co skorygowa\u0107 wychwycone niedoci\u0105gni\u0119cia oraz poprawi\u0107 ergonomi\u0119 pracy.<\/p>\n<p>\u0106wiczenia przeprowadza si\u0119 nie po to, aby wypad\u0142y idealnie, ale po to, aby wyeliminowa\u0107 b\u0142\u0119dy w przysz\u0142o\u015bci.<\/p>\n<div id='gallery-1' class='gallery galleryid-2677 gallery-columns-3 gallery-size-thumbnail'><figure class='gallery-item'>\n\t\t\t<div class='gallery-icon landscape'>\n\t\t\t\t<a href='https:\/\/okmr.biziel.pl\/?attachment_id=2749'><img loading=\"lazy\" decoding=\"async\" width=\"150\" height=\"150\" src=\"https:\/\/okmr.biziel.pl\/wp-content\/uploads\/2018\/02\/RM_gr-1_30.11.2017-r_-150x150.jpg\" class=\"attachment-thumbnail size-thumbnail\" alt=\"\" aria-describedby=\"gallery-1-2749\" sizes=\"auto, 100vw\" \/><\/a>\n\t\t\t<\/div>\n\t\t\t\t<figcaption class='wp-caption-text gallery-caption' id='gallery-1-2749'>\n\t\t\t\tsdr\n\t\t\t\t<\/figcaption><\/figure><figure class='gallery-item'>\n\t\t\t<div class='gallery-icon landscape'>\n\t\t\t\t<a href='https:\/\/okmr.biziel.pl\/?attachment_id=2750'><img loading=\"lazy\" decoding=\"async\" width=\"150\" height=\"150\" src=\"https:\/\/okmr.biziel.pl\/wp-content\/uploads\/2018\/02\/RM_gr-2-_23.11.2017-r._-150x150.jpg\" class=\"attachment-thumbnail size-thumbnail\" alt=\"\" aria-describedby=\"gallery-1-2750\" sizes=\"auto, 100vw\" \/><\/a>\n\t\t\t<\/div>\n\t\t\t\t<figcaption class='wp-caption-text gallery-caption' id='gallery-1-2750'>\n\t\t\t\tsdr\n\t\t\t\t<\/figcaption><\/figure><figure class='gallery-item'>\n\t\t\t<div class='gallery-icon landscape'>\n\t\t\t\t<a href='https:\/\/okmr.biziel.pl\/?attachment_id=2751'><img loading=\"lazy\" decoding=\"async\" width=\"150\" height=\"150\" src=\"https:\/\/okmr.biziel.pl\/wp-content\/uploads\/2018\/02\/RM_gr-3_7.12.2017_-150x150.jpg\" class=\"attachment-thumbnail size-thumbnail\" alt=\"\" aria-describedby=\"gallery-1-2751\" sizes=\"auto, 100vw\" \/><\/a>\n\t\t\t<\/div>\n\t\t\t\t<figcaption class='wp-caption-text gallery-caption' id='gallery-1-2751'>\n\t\t\t\tsdr\n\t\t\t\t<\/figcaption><\/figure><figure class='gallery-item'>\n\t\t\t<div class='gallery-icon portrait'>\n\t\t\t\t<a href='https:\/\/okmr.biziel.pl\/?attachment_id=2731'><img loading=\"lazy\" decoding=\"async\" width=\"150\" height=\"150\" src=\"https:\/\/okmr.biziel.pl\/wp-content\/uploads\/2018\/02\/IMG_20171123_101803-1-150x150.jpg\" class=\"attachment-thumbnail size-thumbnail\" alt=\"\" aria-describedby=\"gallery-1-2731\" sizes=\"auto, 100vw\" \/><\/a>\n\t\t\t<\/div>\n\t\t\t\t<figcaption class='wp-caption-text gallery-caption' id='gallery-1-2731'>\n\t\t\t\tokmr\n\t\t\t\t<\/figcaption><\/figure><figure class='gallery-item'>\n\t\t\t<div class='gallery-icon landscape'>\n\t\t\t\t<a href='https:\/\/okmr.biziel.pl\/?attachment_id=2693'><img loading=\"lazy\" decoding=\"async\" width=\"150\" height=\"150\" src=\"https:\/\/okmr.biziel.pl\/wp-content\/uploads\/2018\/02\/IMG_20171123_102858-150x150.jpg\" class=\"attachment-thumbnail size-thumbnail\" alt=\"\" aria-describedby=\"gallery-1-2693\" sizes=\"auto, 100vw\" \/><\/a>\n\t\t\t<\/div>\n\t\t\t\t<figcaption class='wp-caption-text gallery-caption' id='gallery-1-2693'>\n\t\t\t\tokmr\n\t\t\t\t<\/figcaption><\/figure><figure class='gallery-item'>\n\t\t\t<div class='gallery-icon portrait'>\n\t\t\t\t<a href='https:\/\/okmr.biziel.pl\/?attachment_id=2687'><img loading=\"lazy\" decoding=\"async\" width=\"150\" height=\"150\" src=\"https:\/\/okmr.biziel.pl\/wp-content\/uploads\/2018\/02\/IMG_20171123_101608-150x150.jpg\" class=\"attachment-thumbnail size-thumbnail\" alt=\"\" aria-describedby=\"gallery-1-2687\" sizes=\"auto, 100vw\" \/><\/a>\n\t\t\t<\/div>\n\t\t\t\t<figcaption class='wp-caption-text gallery-caption' id='gallery-1-2687'>\n\t\t\t\tdav\n\t\t\t\t<\/figcaption><\/figure><figure class='gallery-item'>\n\t\t\t<div class='gallery-icon landscape'>\n\t\t\t\t<a href='https:\/\/okmr.biziel.pl\/?attachment_id=2689'><img loading=\"lazy\" decoding=\"async\" width=\"150\" height=\"150\" src=\"https:\/\/okmr.biziel.pl\/wp-content\/uploads\/2018\/02\/IMG_20171123_102115-150x150.jpg\" class=\"attachment-thumbnail size-thumbnail\" alt=\"\" aria-describedby=\"gallery-1-2689\" sizes=\"auto, 100vw\" \/><\/a>\n\t\t\t<\/div>\n\t\t\t\t<figcaption class='wp-caption-text gallery-caption' id='gallery-1-2689'>\n\t\t\t\tdav\n\t\t\t\t<\/figcaption><\/figure><figure class='gallery-item'>\n\t\t\t<div class='gallery-icon landscape'>\n\t\t\t\t<a href='https:\/\/okmr.biziel.pl\/?attachment_id=2690'><img loading=\"lazy\" decoding=\"async\" width=\"150\" height=\"150\" src=\"https:\/\/okmr.biziel.pl\/wp-content\/uploads\/2018\/02\/IMG_20171123_102125-150x150.jpg\" class=\"attachment-thumbnail size-thumbnail\" alt=\"\" aria-describedby=\"gallery-1-2690\" sizes=\"auto, 100vw\" \/><\/a>\n\t\t\t<\/div>\n\t\t\t\t<figcaption class='wp-caption-text gallery-caption' id='gallery-1-2690'>\n\t\t\t\tdav\n\t\t\t\t<\/figcaption><\/figure><figure class='gallery-item'>\n\t\t\t<div class='gallery-icon landscape'>\n\t\t\t\t<a href='https:\/\/okmr.biziel.pl\/?attachment_id=2735'><img loading=\"lazy\" decoding=\"async\" width=\"150\" height=\"150\" src=\"https:\/\/okmr.biziel.pl\/wp-content\/uploads\/2018\/02\/IMG_20171123_102804-1-150x150.jpg\" class=\"attachment-thumbnail size-thumbnail\" alt=\"\" aria-describedby=\"gallery-1-2735\" sizes=\"auto, 100vw\" \/><\/a>\n\t\t\t<\/div>\n\t\t\t\t<figcaption class='wp-caption-text gallery-caption' id='gallery-1-2735'>\n\t\t\t\tdav\n\t\t\t\t<\/figcaption><\/figure><figure class='gallery-item'>\n\t\t\t<div class='gallery-icon landscape'>\n\t\t\t\t<a href='https:\/\/okmr.biziel.pl\/?attachment_id=2736'><img loading=\"lazy\" decoding=\"async\" width=\"150\" height=\"150\" src=\"https:\/\/okmr.biziel.pl\/wp-content\/uploads\/2018\/02\/IMG_20171123_102833-1-150x150.jpg\" class=\"attachment-thumbnail size-thumbnail\" alt=\"\" aria-describedby=\"gallery-1-2736\" sizes=\"auto, 100vw\" \/><\/a>\n\t\t\t<\/div>\n\t\t\t\t<figcaption class='wp-caption-text gallery-caption' id='gallery-1-2736'>\n\t\t\t\tdav\n\t\t\t\t<\/figcaption><\/figure><figure class='gallery-item'>\n\t\t\t<div class='gallery-icon landscape'>\n\t\t\t\t<a href='https:\/\/okmr.biziel.pl\/?attachment_id=2739'><img loading=\"lazy\" decoding=\"async\" width=\"150\" height=\"150\" src=\"https:\/\/okmr.biziel.pl\/wp-content\/uploads\/2018\/02\/IMG_20171123_093631-1-150x150.jpg\" class=\"attachment-thumbnail size-thumbnail\" alt=\"\" aria-describedby=\"gallery-1-2739\" sizes=\"auto, 100vw\" \/><\/a>\n\t\t\t<\/div>\n\t\t\t\t<figcaption class='wp-caption-text gallery-caption' id='gallery-1-2739'>\n\t\t\t\tdav\n\t\t\t\t<\/figcaption><\/figure><figure class='gallery-item'>\n\t\t\t<div class='gallery-icon landscape'>\n\t\t\t\t<a href='https:\/\/okmr.biziel.pl\/?attachment_id=2740'><img loading=\"lazy\" decoding=\"async\" width=\"150\" height=\"150\" src=\"https:\/\/okmr.biziel.pl\/wp-content\/uploads\/2018\/02\/IMG_20171123_094008-1-150x150.jpg\" class=\"attachment-thumbnail size-thumbnail\" alt=\"\" aria-describedby=\"gallery-1-2740\" sizes=\"auto, 100vw\" \/><\/a>\n\t\t\t<\/div>\n\t\t\t\t<figcaption class='wp-caption-text gallery-caption' id='gallery-1-2740'>\n\t\t\t\tdav\n\t\t\t\t<\/figcaption><\/figure><figure class='gallery-item'>\n\t\t\t<div class='gallery-icon portrait'>\n\t\t\t\t<a href='https:\/\/okmr.biziel.pl\/?attachment_id=2742'><img loading=\"lazy\" decoding=\"async\" width=\"150\" height=\"150\" src=\"https:\/\/okmr.biziel.pl\/wp-content\/uploads\/2018\/02\/IMG_20171123_100613-1-150x150.jpg\" class=\"attachment-thumbnail size-thumbnail\" alt=\"\" aria-describedby=\"gallery-1-2742\" sizes=\"auto, 100vw\" \/><\/a>\n\t\t\t<\/div>\n\t\t\t\t<figcaption class='wp-caption-text gallery-caption' id='gallery-1-2742'>\n\t\t\t\tdav\n\t\t\t\t<\/figcaption><\/figure><figure class='gallery-item'>\n\t\t\t<div class='gallery-icon landscape'>\n\t\t\t\t<a href='https:\/\/okmr.biziel.pl\/?attachment_id=2743'><img loading=\"lazy\" decoding=\"async\" width=\"150\" height=\"150\" src=\"https:\/\/okmr.biziel.pl\/wp-content\/uploads\/2018\/02\/IMG_20171123_100833_1-1-150x150.jpg\" class=\"attachment-thumbnail size-thumbnail\" alt=\"\" aria-describedby=\"gallery-1-2743\" sizes=\"auto, 100vw\" \/><\/a>\n\t\t\t<\/div>\n\t\t\t\t<figcaption class='wp-caption-text gallery-caption' id='gallery-1-2743'>\n\t\t\t\tdav\n\t\t\t\t<\/figcaption><\/figure><figure class='gallery-item'>\n\t\t\t<div class='gallery-icon portrait'>\n\t\t\t\t<a href='https:\/\/okmr.biziel.pl\/?attachment_id=2744'><img loading=\"lazy\" decoding=\"async\" width=\"150\" height=\"150\" src=\"https:\/\/okmr.biziel.pl\/wp-content\/uploads\/2018\/02\/IMG_20171123_101227-1-150x150.jpg\" class=\"attachment-thumbnail size-thumbnail\" alt=\"\" aria-describedby=\"gallery-1-2744\" sizes=\"auto, 100vw\" \/><\/a>\n\t\t\t<\/div>\n\t\t\t\t<figcaption class='wp-caption-text gallery-caption' id='gallery-1-2744'>\n\t\t\t\tdav\n\t\t\t\t<\/figcaption><\/figure><figure class='gallery-item'>\n\t\t\t<div class='gallery-icon landscape'>\n\t\t\t\t<a href='https:\/\/okmr.biziel.pl\/?attachment_id=2745'><img loading=\"lazy\" decoding=\"async\" width=\"150\" height=\"150\" src=\"https:\/\/okmr.biziel.pl\/wp-content\/uploads\/2018\/02\/IMG_20171123_101326-1-150x150.jpg\" class=\"attachment-thumbnail size-thumbnail\" alt=\"\" aria-describedby=\"gallery-1-2745\" sizes=\"auto, 100vw\" \/><\/a>\n\t\t\t<\/div>\n\t\t\t\t<figcaption class='wp-caption-text gallery-caption' id='gallery-1-2745'>\n\t\t\t\tdav\n\t\t\t\t<\/figcaption><\/figure><figure class='gallery-item'>\n\t\t\t<div class='gallery-icon landscape'>\n\t\t\t\t<a href='https:\/\/okmr.biziel.pl\/?attachment_id=2686'><img loading=\"lazy\" decoding=\"async\" width=\"150\" height=\"150\" src=\"https:\/\/okmr.biziel.pl\/wp-content\/uploads\/2018\/02\/IMG_20171123_101359-150x150.jpg\" class=\"attachment-thumbnail size-thumbnail\" alt=\"\" aria-describedby=\"gallery-1-2686\" sizes=\"auto, 100vw\" \/><\/a>\n\t\t\t<\/div>\n\t\t\t\t<figcaption class='wp-caption-text gallery-caption' id='gallery-1-2686'>\n\t\t\t\tokmr\n\t\t\t\t<\/figcaption><\/figure><figure class='gallery-item'>\n\t\t\t<div class='gallery-icon landscape'>\n\t\t\t\t<a href='https:\/\/okmr.biziel.pl\/?attachment_id=2681'><img loading=\"lazy\" decoding=\"async\" width=\"150\" height=\"150\" src=\"https:\/\/okmr.biziel.pl\/wp-content\/uploads\/2018\/02\/IMG_20171123_094941-150x150.jpg\" class=\"attachment-thumbnail size-thumbnail\" alt=\"\" aria-describedby=\"gallery-1-2681\" sizes=\"auto, 100vw\" \/><\/a>\n\t\t\t<\/div>\n\t\t\t\t<figcaption class='wp-caption-text gallery-caption' id='gallery-1-2681'>\n\t\t\t\tokmr\n\t\t\t\t<\/figcaption><\/figure><figure class='gallery-item'>\n\t\t\t<div class='gallery-icon landscape'>\n\t\t\t\t<a href='https:\/\/okmr.biziel.pl\/?attachment_id=2678'><img loading=\"lazy\" decoding=\"async\" width=\"150\" height=\"150\" src=\"https:\/\/okmr.biziel.pl\/wp-content\/uploads\/2018\/02\/IMG_20171123_090752-150x150.jpg\" class=\"attachment-thumbnail size-thumbnail\" alt=\"\" aria-describedby=\"gallery-1-2678\" sizes=\"auto, 100vw\" \/><\/a>\n\t\t\t<\/div>\n\t\t\t\t<figcaption class='wp-caption-text gallery-caption' id='gallery-1-2678'>\n\t\t\t\tokmr\n\t\t\t\t<\/figcaption><\/figure>\n\t\t<\/div>\n\n","protected":false},"excerpt":{"rendered":"<p>\u00a0W dniach 23 i 30 listopada oraz 7 grudnia 2017 r. w naszym oddziale zosta\u0142y przeprowadzone \u00a0\u00a0 \u0107wiczenia \u00a0\u00a0 symulacyjne \u00a0 ze zdarzenia masowego. W organizacji \u0107wicze\u0144 wsp\u00f3\u0142uczestniczyli studenci II roku Ratownictwa Medycznego CM oraz firma\u00a0 DUOMEDIC \u2013 Transport Medyczny. \u0106wiczenia by\u0142y doskona\u0142\u0105 okazj\u0105 do sprawdzenia w praktyce skuteczno\u015bci dzia\u0142a\u0144 opisanych w Procedurze post\u0119powania na &hellip; <\/p>\n<p class=\"link-more\"><a href=\"https:\/\/okmr.biziel.pl\/?page_id=2677\" class=\"more-link\">Czytaj dalej<span class=\"screen-reader-text\"> \u201eZdarzenie masowe \u2013 \u0107wiczenia w Oddziale Klinicznym Medycyny Ratunkowej\u201d<\/span><\/a><\/p>\n","protected":false},"author":3,"featured_media":0,"parent":0,"menu_order":0,"comment_status":"closed","ping_status":"closed","template":"onecolumn-page.php","meta":{"footnotes":""},"class_list":["post-2677","page","type-page","status-publish","hentry"],"_links":{"self":[{"href":"https:\/\/okmr.biziel.pl\/index.php?rest_route=\/wp\/v2\/pages\/2677","targetHints":{"allow":["GET"]}}],"collection":[{"href":"https:\/\/okmr.biziel.pl\/index.php?rest_route=\/wp\/v2\/pages"}],"about":[{"href":"https:\/\/okmr.biziel.pl\/index.php?rest_route=\/wp\/v2\/types\/page"}],"author":[{"embeddable":true,"href":"https:\/\/okmr.biziel.pl\/index.php?rest_route=\/wp\/v2\/users\/3"}],"replies":[{"embeddable":true,"href":"https:\/\/okmr.biziel.pl\/index.php?rest_route=%2Fwp%2Fv2%2Fcomments&post=2677"}],"version-history":[{"count":11,"href":"https:\/\/okmr.biziel.pl\/index.php?rest_route=\/wp\/v2\/pages\/2677\/revisions"}],"predecessor-version":[{"id":2753,"href":"https:\/\/okmr.biziel.pl\/index.php?rest_route=\/wp\/v2\/pages\/2677\/revisions\/2753"}],"wp:attachment":[{"href":"https:\/\/okmr.biziel.pl\/index.php?rest_route=%2Fwp%2Fv2%2Fmedia&parent=2677"}],"curies":[{"name":"wp","href":"https:\/\/api.w.org\/{rel}","templated":true}]}}