{"id":2066,"date":"2017-06-01T14:21:29","date_gmt":"2017-06-01T13:21:29","guid":{"rendered":"http:\/\/okmr.biziel.pl\/?page_id=2066"},"modified":"2018-11-12T09:52:23","modified_gmt":"2018-11-12T08:52:23","slug":"jacek-i-agatka","status":"publish","type":"page","link":"https:\/\/okmr.biziel.pl\/?page_id=2066","title":{"rendered":"Z wizyt\u0105 w Przedszkolu \u201eJacek i Agatka\u201d"},"content":{"rendered":"<p style=\"text-align: justify;\">24.05.2017 r. ratownik medyczny, Adam Pokorski wraz z kole\u017cank\u0105 Katarzyn\u0105 Koseck\u0105 z Akademickiej Grupy Ratowniczej CM UMK, prowadzili szkolenie z pierwszej pomocy w\u015br\u00f3d przedszkolak\u00f3w. Dzieci z trzech grup pi\u0119cio i sze\u015bciolatk\u00f3w z wielkim zaanga\u017cowaniem udziela\u0142y pierwszej pomocy swoim pluszakom. Wszystkie pluszaki zosta\u0142y uratowane. Praca z dzie\u0107mi sprawi\u0142a Adamowi i Kasi niesamowit\u0105 przyjemno\u015b\u0107.<\/p>\n<div id='gallery-1' class='gallery galleryid-2066 gallery-columns-3 gallery-size-thumbnail'><figure class='gallery-item'>\n\t\t\t<div class='gallery-icon landscape'>\n\t\t\t\t<a href='https:\/\/okmr.biziel.pl\/?attachment_id=2067'><img loading=\"lazy\" decoding=\"async\" width=\"150\" height=\"150\" src=\"https:\/\/okmr.biziel.pl\/wp-content\/uploads\/2017\/06\/IMG_20170524_085843-150x150.jpg\" class=\"attachment-thumbnail size-thumbnail\" alt=\"\" sizes=\"auto, 100vw\" \/><\/a>\n\t\t\t<\/div><\/figure><figure class='gallery-item'>\n\t\t\t<div class='gallery-icon landscape'>\n\t\t\t\t<a href='https:\/\/okmr.biziel.pl\/?attachment_id=2068'><img loading=\"lazy\" decoding=\"async\" width=\"150\" height=\"150\" src=\"https:\/\/okmr.biziel.pl\/wp-content\/uploads\/2017\/06\/IMG_20170524_092800-150x150.jpg\" class=\"attachment-thumbnail size-thumbnail\" alt=\"\" sizes=\"auto, 100vw\" \/><\/a>\n\t\t\t<\/div><\/figure><figure class='gallery-item'>\n\t\t\t<div class='gallery-icon portrait'>\n\t\t\t\t<a href='https:\/\/okmr.biziel.pl\/?attachment_id=2069'><img loading=\"lazy\" decoding=\"async\" width=\"150\" height=\"150\" src=\"https:\/\/okmr.biziel.pl\/wp-content\/uploads\/2017\/06\/IMG_20170524_093301-150x150.jpg\" class=\"attachment-thumbnail size-thumbnail\" alt=\"\" sizes=\"auto, 100vw\" \/><\/a>\n\t\t\t<\/div><\/figure><figure class='gallery-item'>\n\t\t\t<div class='gallery-icon landscape'>\n\t\t\t\t<a href='https:\/\/okmr.biziel.pl\/?attachment_id=2070'><img loading=\"lazy\" decoding=\"async\" width=\"150\" height=\"150\" src=\"https:\/\/okmr.biziel.pl\/wp-content\/uploads\/2017\/06\/IMG_20170524_094312-150x150.jpg\" class=\"attachment-thumbnail size-thumbnail\" alt=\"\" sizes=\"auto, 100vw\" \/><\/a>\n\t\t\t<\/div><\/figure><figure class='gallery-item'>\n\t\t\t<div class='gallery-icon landscape'>\n\t\t\t\t<a href='https:\/\/okmr.biziel.pl\/?attachment_id=2071'><img loading=\"lazy\" decoding=\"async\" width=\"150\" height=\"150\" src=\"https:\/\/okmr.biziel.pl\/wp-content\/uploads\/2017\/06\/IMG_20170524_095904-150x150.jpg\" class=\"attachment-thumbnail size-thumbnail\" alt=\"\" sizes=\"auto, 100vw\" \/><\/a>\n\t\t\t<\/div><\/figure><figure class='gallery-item'>\n\t\t\t<div class='gallery-icon landscape'>\n\t\t\t\t<a href='https:\/\/okmr.biziel.pl\/?attachment_id=2072'><img loading=\"lazy\" decoding=\"async\" width=\"150\" height=\"150\" src=\"https:\/\/okmr.biziel.pl\/wp-content\/uploads\/2017\/06\/IMG_20170524_095923-150x150.jpg\" class=\"attachment-thumbnail size-thumbnail\" alt=\"\" sizes=\"auto, 100vw\" \/><\/a>\n\t\t\t<\/div><\/figure><figure class='gallery-item'>\n\t\t\t<div class='gallery-icon landscape'>\n\t\t\t\t<a href='https:\/\/okmr.biziel.pl\/?attachment_id=2073'><img loading=\"lazy\" decoding=\"async\" width=\"150\" height=\"150\" src=\"https:\/\/okmr.biziel.pl\/wp-content\/uploads\/2017\/06\/IMG_20170524_100136-150x150.jpg\" class=\"attachment-thumbnail size-thumbnail\" alt=\"\" sizes=\"auto, 100vw\" \/><\/a>\n\t\t\t<\/div><\/figure><figure class='gallery-item'>\n\t\t\t<div class='gallery-icon landscape'>\n\t\t\t\t<a href='https:\/\/okmr.biziel.pl\/?attachment_id=2074'><img loading=\"lazy\" decoding=\"async\" width=\"150\" height=\"150\" src=\"https:\/\/okmr.biziel.pl\/wp-content\/uploads\/2017\/06\/IMG_20170524_100921-150x150.jpg\" class=\"attachment-thumbnail size-thumbnail\" alt=\"\" sizes=\"auto, 100vw\" \/><\/a>\n\t\t\t<\/div><\/figure><figure class='gallery-item'>\n\t\t\t<div class='gallery-icon landscape'>\n\t\t\t\t<a href='https:\/\/okmr.biziel.pl\/?attachment_id=2075'><img loading=\"lazy\" decoding=\"async\" width=\"150\" height=\"150\" src=\"https:\/\/okmr.biziel.pl\/wp-content\/uploads\/2017\/06\/IMG_20170524_101102-150x150.jpg\" class=\"attachment-thumbnail size-thumbnail\" alt=\"\" sizes=\"auto, 100vw\" \/><\/a>\n\t\t\t<\/div><\/figure>\n\t\t<\/div>\n\n","protected":false},"excerpt":{"rendered":"<p>24.05.2017 r. ratownik medyczny, Adam Pokorski wraz z kole\u017cank\u0105 Katarzyn\u0105 Koseck\u0105 z Akademickiej Grupy Ratowniczej CM UMK, prowadzili szkolenie z pierwszej pomocy w\u015br\u00f3d przedszkolak\u00f3w. Dzieci z trzech grup pi\u0119cio i sze\u015bciolatk\u00f3w z wielkim zaanga\u017cowaniem udziela\u0142y pierwszej pomocy swoim pluszakom. Wszystkie pluszaki zosta\u0142y uratowane. Praca z dzie\u0107mi sprawi\u0142a Adamowi i Kasi niesamowit\u0105 przyjemno\u015b\u0107.<\/p>\n","protected":false},"author":3,"featured_media":0,"parent":331,"menu_order":0,"comment_status":"closed","ping_status":"closed","template":"onecolumn-page.php","meta":{"footnotes":""},"class_list":["post-2066","page","type-page","status-publish","hentry"],"_links":{"self":[{"href":"https:\/\/okmr.biziel.pl\/index.php?rest_route=\/wp\/v2\/pages\/2066","targetHints":{"allow":["GET"]}}],"collection":[{"href":"https:\/\/okmr.biziel.pl\/index.php?rest_route=\/wp\/v2\/pages"}],"about":[{"href":"https:\/\/okmr.biziel.pl\/index.php?rest_route=\/wp\/v2\/types\/page"}],"author":[{"embeddable":true,"href":"https:\/\/okmr.biziel.pl\/index.php?rest_route=\/wp\/v2\/users\/3"}],"replies":[{"embeddable":true,"href":"https:\/\/okmr.biziel.pl\/index.php?rest_route=%2Fwp%2Fv2%2Fcomments&post=2066"}],"version-history":[{"count":9,"href":"https:\/\/okmr.biziel.pl\/index.php?rest_route=\/wp\/v2\/pages\/2066\/revisions"}],"predecessor-version":[{"id":2714,"href":"https:\/\/okmr.biziel.pl\/index.php?rest_route=\/wp\/v2\/pages\/2066\/revisions\/2714"}],"up":[{"embeddable":true,"href":"https:\/\/okmr.biziel.pl\/index.php?rest_route=\/wp\/v2\/pages\/331"}],"wp:attachment":[{"href":"https:\/\/okmr.biziel.pl\/index.php?rest_route=%2Fwp%2Fv2%2Fmedia&parent=2066"}],"curies":[{"name":"wp","href":"https:\/\/api.w.org\/{rel}","templated":true}]}}