{"id":182,"date":"2016-01-25T12:59:39","date_gmt":"2016-01-25T11:59:39","guid":{"rendered":"http:\/\/okmr.biziel.pl\/wordpress\/?page_id=182"},"modified":"2018-11-12T09:53:02","modified_gmt":"2018-11-12T08:53:02","slug":"cwiczenia-ratowniczne-krowka-lesna-15-05-2015","status":"publish","type":"page","link":"https:\/\/okmr.biziel.pl\/?page_id=182","title":{"rendered":"\u0106wiczenia ratownicze OKMR \u2013 maj 2015"},"content":{"rendered":"<p style=\"text-align: justify;\">15 maja w Harcerskim O\u015brodku Wczasowym Kr\u00f3wka Le\u015bna oraz przyleg\u0142ych terenach le\u015bnych odby\u0142y si\u0119 \u0107wiczenia ratownicze wsp\u00f3\u0142organizowane przez Oddzia\u0142 Kliniczny Medycyny Ratunkowej wraz z grup\u0105 ratownictwa medycznego Auxilium-Med Koronowo. Do akcji w\u0142\u0105czy\u0142y si\u0119 ponadto: trzy zast\u0119py stra\u017cy po\u017carnej z Gminy Koronowo, Nadle\u015bnictwo R\u00f3\u017canna, Ogniwo Wodne Komendy Miejskiej Policji Bydgoszcz oraz samolot patrolowo-ga\u015bniczy Dromader.<br \/>\n\u0106wiczenia przebiega\u0142y wed\u0142ug nast\u0119puj\u0105cego scenariusza: Na terenie o\u015brodka dochodzi do wypadku \u2013 samoch\u00f3d osobowy uderza w domek letniskowy, w kt\u00f3rym dochodzi do po\u017caru. Zar\u00f3wno w samochodzie jak i w domku s\u0105 poszkodowani. Po\u017car rozprzestrzenia si\u0119 na tereny le\u015bne odcinaj\u0105c l\u0105dow\u0105 drog\u0119 ewakuacji rannych i wymusza ewakuacj\u0119 drog\u0105 wodn\u0105.<br \/>\nW czasie \u0107wicze\u0144 wdro\u017cono procedury ratownicze okre\u015blone dla zdarzenia masowego. Wyznaczono stref\u0119 zagro\u017cenia i wyznaczono punkty do segregacji rannych. Po udzieleniu pomocy medycznej i zabezpieczeniu poszkodowanych przeprowadzono ich ewakuacj\u0119 drog\u0105 wodn\u0105.<br \/>\nAkcja pozwoli\u0142a sprawdzi\u0107, jakie s\u0105 mocne i s\u0142absze strony wsp\u00f3\u0142pracy mi\u0119dzy r\u00f3\u017cnymi s\u0142u\u017cbami i jednostkami bior\u0105cymi w niej udzia\u0142, a tak\u017ce zobrazowa\u0107 jak du\u017ce zasoby si\u0142 i \u015brodk\u00f3w systemu ratownictwa medycznego mo\u017cna uruchomi\u0107 w przypadku potencjalnego, realnego zagro\u017cenia tego typu.<\/p>\n<div id='gallery-1' class='gallery galleryid-182 gallery-columns-3 gallery-size-thumbnail'><figure class='gallery-item'>\n\t\t\t<div class='gallery-icon landscape'>\n\t\t\t\t<a href='https:\/\/okmr.biziel.pl\/?attachment_id=278'><img loading=\"lazy\" decoding=\"async\" width=\"150\" height=\"150\" src=\"https:\/\/okmr.biziel.pl\/wp-content\/uploads\/2016\/01\/DSCN1261-150x150.jpg\" class=\"attachment-thumbnail size-thumbnail\" alt=\"\" sizes=\"auto, 100vw\" \/><\/a>\n\t\t\t<\/div><\/figure><figure class='gallery-item'>\n\t\t\t<div class='gallery-icon landscape'>\n\t\t\t\t<a href='https:\/\/okmr.biziel.pl\/?attachment_id=279'><img loading=\"lazy\" decoding=\"async\" width=\"150\" height=\"150\" src=\"https:\/\/okmr.biziel.pl\/wp-content\/uploads\/2016\/01\/DSCN1265-150x150.jpg\" class=\"attachment-thumbnail size-thumbnail\" alt=\"\" sizes=\"auto, 100vw\" \/><\/a>\n\t\t\t<\/div><\/figure><figure class='gallery-item'>\n\t\t\t<div class='gallery-icon landscape'>\n\t\t\t\t<a href='https:\/\/okmr.biziel.pl\/?attachment_id=280'><img loading=\"lazy\" decoding=\"async\" width=\"150\" height=\"150\" src=\"https:\/\/okmr.biziel.pl\/wp-content\/uploads\/2016\/01\/DSCN1270-150x150.jpg\" class=\"attachment-thumbnail size-thumbnail\" alt=\"\" sizes=\"auto, 100vw\" \/><\/a>\n\t\t\t<\/div><\/figure><figure class='gallery-item'>\n\t\t\t<div class='gallery-icon landscape'>\n\t\t\t\t<a href='https:\/\/okmr.biziel.pl\/?attachment_id=281'><img loading=\"lazy\" decoding=\"async\" width=\"150\" height=\"150\" src=\"https:\/\/okmr.biziel.pl\/wp-content\/uploads\/2016\/01\/DSCN1275-150x150.jpg\" class=\"attachment-thumbnail size-thumbnail\" alt=\"\" sizes=\"auto, 100vw\" \/><\/a>\n\t\t\t<\/div><\/figure><figure class='gallery-item'>\n\t\t\t<div class='gallery-icon landscape'>\n\t\t\t\t<a href='https:\/\/okmr.biziel.pl\/?attachment_id=282'><img loading=\"lazy\" decoding=\"async\" width=\"150\" height=\"150\" src=\"https:\/\/okmr.biziel.pl\/wp-content\/uploads\/2016\/01\/DSCN1281-150x150.jpg\" class=\"attachment-thumbnail size-thumbnail\" alt=\"\" sizes=\"auto, 100vw\" \/><\/a>\n\t\t\t<\/div><\/figure><figure class='gallery-item'>\n\t\t\t<div class='gallery-icon landscape'>\n\t\t\t\t<a href='https:\/\/okmr.biziel.pl\/?attachment_id=283'><img loading=\"lazy\" decoding=\"async\" width=\"150\" height=\"150\" src=\"https:\/\/okmr.biziel.pl\/wp-content\/uploads\/2016\/01\/DSCN1284-150x150.jpg\" class=\"attachment-thumbnail size-thumbnail\" alt=\"\" sizes=\"auto, 100vw\" \/><\/a>\n\t\t\t<\/div><\/figure><figure class='gallery-item'>\n\t\t\t<div class='gallery-icon landscape'>\n\t\t\t\t<a href='https:\/\/okmr.biziel.pl\/?attachment_id=284'><img loading=\"lazy\" decoding=\"async\" width=\"150\" height=\"150\" src=\"https:\/\/okmr.biziel.pl\/wp-content\/uploads\/2016\/01\/DSCN1286-150x150.jpg\" class=\"attachment-thumbnail size-thumbnail\" alt=\"\" sizes=\"auto, 100vw\" \/><\/a>\n\t\t\t<\/div><\/figure><figure class='gallery-item'>\n\t\t\t<div class='gallery-icon landscape'>\n\t\t\t\t<a href='https:\/\/okmr.biziel.pl\/?attachment_id=611'><img loading=\"lazy\" decoding=\"async\" width=\"150\" height=\"150\" src=\"https:\/\/okmr.biziel.pl\/wp-content\/uploads\/2016\/01\/FB_IMG_1431871222118-150x150.jpg\" class=\"attachment-thumbnail size-thumbnail\" alt=\"\" sizes=\"auto, 100vw\" \/><\/a>\n\t\t\t<\/div><\/figure><figure class='gallery-item'>\n\t\t\t<div class='gallery-icon landscape'>\n\t\t\t\t<a href='https:\/\/okmr.biziel.pl\/?attachment_id=612'><img loading=\"lazy\" decoding=\"async\" width=\"150\" height=\"150\" src=\"https:\/\/okmr.biziel.pl\/wp-content\/uploads\/2016\/01\/FB_IMG_1431876751021-150x150.jpg\" class=\"attachment-thumbnail size-thumbnail\" alt=\"\" sizes=\"auto, 100vw\" \/><\/a>\n\t\t\t<\/div><\/figure><figure class='gallery-item'>\n\t\t\t<div class='gallery-icon landscape'>\n\t\t\t\t<a href='https:\/\/okmr.biziel.pl\/?attachment_id=613'><img loading=\"lazy\" decoding=\"async\" width=\"150\" height=\"150\" src=\"https:\/\/okmr.biziel.pl\/wp-content\/uploads\/2016\/01\/FB_IMG_1431876763866-150x150.jpg\" class=\"attachment-thumbnail size-thumbnail\" alt=\"\" sizes=\"auto, 100vw\" \/><\/a>\n\t\t\t<\/div><\/figure><figure class='gallery-item'>\n\t\t\t<div class='gallery-icon landscape'>\n\t\t\t\t<a href='https:\/\/okmr.biziel.pl\/?attachment_id=1615'><img loading=\"lazy\" decoding=\"async\" width=\"150\" height=\"150\" src=\"https:\/\/okmr.biziel.pl\/wp-content\/uploads\/2016\/01\/DSCN1280-150x150.jpg\" class=\"attachment-thumbnail size-thumbnail\" alt=\"\" sizes=\"auto, 100vw\" \/><\/a>\n\t\t\t<\/div><\/figure><figure class='gallery-item'>\n\t\t\t<div class='gallery-icon landscape'>\n\t\t\t\t<a href='https:\/\/okmr.biziel.pl\/?attachment_id=1616'><img loading=\"lazy\" decoding=\"async\" width=\"150\" height=\"150\" src=\"https:\/\/okmr.biziel.pl\/wp-content\/uploads\/2016\/01\/DSCN1291-150x150.jpg\" class=\"attachment-thumbnail size-thumbnail\" alt=\"\" sizes=\"auto, 100vw\" \/><\/a>\n\t\t\t<\/div><\/figure><figure class='gallery-item'>\n\t\t\t<div class='gallery-icon landscape'>\n\t\t\t\t<a href='https:\/\/okmr.biziel.pl\/?attachment_id=1617'><img loading=\"lazy\" decoding=\"async\" width=\"150\" height=\"150\" src=\"https:\/\/okmr.biziel.pl\/wp-content\/uploads\/2016\/01\/DSCN1292-150x150.jpg\" class=\"attachment-thumbnail size-thumbnail\" alt=\"\" sizes=\"auto, 100vw\" \/><\/a>\n\t\t\t<\/div><\/figure><figure class='gallery-item'>\n\t\t\t<div class='gallery-icon landscape'>\n\t\t\t\t<a href='https:\/\/okmr.biziel.pl\/?attachment_id=1618'><img loading=\"lazy\" decoding=\"async\" width=\"150\" height=\"150\" src=\"https:\/\/okmr.biziel.pl\/wp-content\/uploads\/2016\/01\/DSCN1308-150x150.jpg\" class=\"attachment-thumbnail size-thumbnail\" alt=\"\" sizes=\"auto, 100vw\" \/><\/a>\n\t\t\t<\/div><\/figure><figure class='gallery-item'>\n\t\t\t<div class='gallery-icon landscape'>\n\t\t\t\t<a href='https:\/\/okmr.biziel.pl\/?attachment_id=1619'><img loading=\"lazy\" decoding=\"async\" width=\"150\" height=\"150\" src=\"https:\/\/okmr.biziel.pl\/wp-content\/uploads\/2016\/01\/DSCN1318-150x150.jpg\" class=\"attachment-thumbnail size-thumbnail\" alt=\"\" sizes=\"auto, 100vw\" \/><\/a>\n\t\t\t<\/div><\/figure><figure class='gallery-item'>\n\t\t\t<div class='gallery-icon landscape'>\n\t\t\t\t<a href='https:\/\/okmr.biziel.pl\/?attachment_id=1620'><img loading=\"lazy\" decoding=\"async\" width=\"150\" height=\"150\" src=\"https:\/\/okmr.biziel.pl\/wp-content\/uploads\/2016\/01\/DSCN1326-150x150.jpg\" class=\"attachment-thumbnail size-thumbnail\" alt=\"\" sizes=\"auto, 100vw\" \/><\/a>\n\t\t\t<\/div><\/figure><figure class='gallery-item'>\n\t\t\t<div class='gallery-icon landscape'>\n\t\t\t\t<a href='https:\/\/okmr.biziel.pl\/?attachment_id=1621'><img loading=\"lazy\" decoding=\"async\" width=\"150\" height=\"150\" src=\"https:\/\/okmr.biziel.pl\/wp-content\/uploads\/2016\/01\/DSCN1332-150x150.jpg\" class=\"attachment-thumbnail size-thumbnail\" alt=\"\" sizes=\"auto, 100vw\" \/><\/a>\n\t\t\t<\/div><\/figure><figure class='gallery-item'>\n\t\t\t<div class='gallery-icon landscape'>\n\t\t\t\t<a href='https:\/\/okmr.biziel.pl\/?attachment_id=1622'><img loading=\"lazy\" decoding=\"async\" width=\"150\" height=\"150\" src=\"https:\/\/okmr.biziel.pl\/wp-content\/uploads\/2016\/01\/DSCN1346-150x150.jpg\" class=\"attachment-thumbnail size-thumbnail\" alt=\"\" sizes=\"auto, 100vw\" \/><\/a>\n\t\t\t<\/div><\/figure><figure class='gallery-item'>\n\t\t\t<div class='gallery-icon landscape'>\n\t\t\t\t<a href='https:\/\/okmr.biziel.pl\/?attachment_id=1623'><img loading=\"lazy\" decoding=\"async\" width=\"150\" height=\"150\" src=\"https:\/\/okmr.biziel.pl\/wp-content\/uploads\/2016\/01\/DSCN1360-150x150.jpg\" class=\"attachment-thumbnail size-thumbnail\" alt=\"\" sizes=\"auto, 100vw\" \/><\/a>\n\t\t\t<\/div><\/figure><figure class='gallery-item'>\n\t\t\t<div class='gallery-icon landscape'>\n\t\t\t\t<a href='https:\/\/okmr.biziel.pl\/?attachment_id=1624'><img loading=\"lazy\" decoding=\"async\" width=\"150\" height=\"150\" src=\"https:\/\/okmr.biziel.pl\/wp-content\/uploads\/2016\/01\/DSCN1372-150x150.jpg\" class=\"attachment-thumbnail size-thumbnail\" alt=\"\" sizes=\"auto, 100vw\" \/><\/a>\n\t\t\t<\/div><\/figure><figure class='gallery-item'>\n\t\t\t<div class='gallery-icon landscape'>\n\t\t\t\t<a href='https:\/\/okmr.biziel.pl\/?attachment_id=1625'><img loading=\"lazy\" decoding=\"async\" width=\"150\" height=\"150\" src=\"https:\/\/okmr.biziel.pl\/wp-content\/uploads\/2016\/01\/DSCN1376-150x150.jpg\" class=\"attachment-thumbnail size-thumbnail\" alt=\"\" sizes=\"auto, 100vw\" \/><\/a>\n\t\t\t<\/div><\/figure><figure class='gallery-item'>\n\t\t\t<div class='gallery-icon landscape'>\n\t\t\t\t<a href='https:\/\/okmr.biziel.pl\/?attachment_id=1626'><img loading=\"lazy\" decoding=\"async\" width=\"150\" height=\"150\" src=\"https:\/\/okmr.biziel.pl\/wp-content\/uploads\/2016\/01\/DSCN1377-150x150.jpg\" class=\"attachment-thumbnail size-thumbnail\" alt=\"\" sizes=\"auto, 100vw\" \/><\/a>\n\t\t\t<\/div><\/figure><figure class='gallery-item'>\n\t\t\t<div class='gallery-icon landscape'>\n\t\t\t\t<a href='https:\/\/okmr.biziel.pl\/?attachment_id=1627'><img loading=\"lazy\" decoding=\"async\" width=\"150\" height=\"150\" src=\"https:\/\/okmr.biziel.pl\/wp-content\/uploads\/2016\/01\/DSCN1413-150x150.jpg\" class=\"attachment-thumbnail size-thumbnail\" alt=\"\" sizes=\"auto, 100vw\" \/><\/a>\n\t\t\t<\/div><\/figure><figure class='gallery-item'>\n\t\t\t<div class='gallery-icon landscape'>\n\t\t\t\t<a href='https:\/\/okmr.biziel.pl\/?attachment_id=1628'><img loading=\"lazy\" decoding=\"async\" width=\"150\" height=\"150\" src=\"https:\/\/okmr.biziel.pl\/wp-content\/uploads\/2016\/01\/DSCN1414-150x150.jpg\" class=\"attachment-thumbnail size-thumbnail\" alt=\"\" sizes=\"auto, 100vw\" \/><\/a>\n\t\t\t<\/div><\/figure><figure class='gallery-item'>\n\t\t\t<div class='gallery-icon landscape'>\n\t\t\t\t<a href='https:\/\/okmr.biziel.pl\/?attachment_id=1629'><img loading=\"lazy\" decoding=\"async\" width=\"150\" height=\"150\" src=\"https:\/\/okmr.biziel.pl\/wp-content\/uploads\/2016\/01\/DSCN1427-150x150.jpg\" class=\"attachment-thumbnail size-thumbnail\" alt=\"\" sizes=\"auto, 100vw\" \/><\/a>\n\t\t\t<\/div><\/figure><figure class='gallery-item'>\n\t\t\t<div class='gallery-icon landscape'>\n\t\t\t\t<a href='https:\/\/okmr.biziel.pl\/?attachment_id=1630'><img loading=\"lazy\" decoding=\"async\" width=\"150\" height=\"150\" src=\"https:\/\/okmr.biziel.pl\/wp-content\/uploads\/2016\/01\/DSCN1435-150x150.jpg\" class=\"attachment-thumbnail size-thumbnail\" alt=\"\" sizes=\"auto, 100vw\" \/><\/a>\n\t\t\t<\/div><\/figure><figure class='gallery-item'>\n\t\t\t<div class='gallery-icon landscape'>\n\t\t\t\t<a href='https:\/\/okmr.biziel.pl\/?attachment_id=1631'><img loading=\"lazy\" decoding=\"async\" width=\"150\" height=\"150\" src=\"https:\/\/okmr.biziel.pl\/wp-content\/uploads\/2016\/01\/maj-150x150.jpg\" class=\"attachment-thumbnail size-thumbnail\" alt=\"\" sizes=\"auto, 100vw\" \/><\/a>\n\t\t\t<\/div><\/figure>\n\t\t<\/div>\n\n","protected":false},"excerpt":{"rendered":"<p>15 maja w Harcerskim O\u015brodku Wczasowym Kr\u00f3wka Le\u015bna oraz przyleg\u0142ych terenach le\u015bnych odby\u0142y si\u0119 \u0107wiczenia ratownicze wsp\u00f3\u0142organizowane przez Oddzia\u0142 Kliniczny Medycyny Ratunkowej wraz z grup\u0105 ratownictwa medycznego Auxilium-Med Koronowo. Do akcji w\u0142\u0105czy\u0142y si\u0119 ponadto: trzy zast\u0119py stra\u017cy po\u017carnej z Gminy Koronowo, Nadle\u015bnictwo R\u00f3\u017canna, Ogniwo Wodne Komendy Miejskiej Policji Bydgoszcz oraz samolot patrolowo-ga\u015bniczy Dromader. \u0106wiczenia przebiega\u0142y &hellip; <\/p>\n<p class=\"link-more\"><a href=\"https:\/\/okmr.biziel.pl\/?page_id=182\" class=\"more-link\">Czytaj dalej<span class=\"screen-reader-text\"> \u201e\u0106wiczenia ratownicze OKMR \u2013 maj 2015\u201d<\/span><\/a><\/p>\n","protected":false},"author":1,"featured_media":0,"parent":0,"menu_order":1,"comment_status":"closed","ping_status":"closed","template":"onecolumn-page.php","meta":{"footnotes":""},"class_list":["post-182","page","type-page","status-publish","hentry"],"_links":{"self":[{"href":"https:\/\/okmr.biziel.pl\/index.php?rest_route=\/wp\/v2\/pages\/182","targetHints":{"allow":["GET"]}}],"collection":[{"href":"https:\/\/okmr.biziel.pl\/index.php?rest_route=\/wp\/v2\/pages"}],"about":[{"href":"https:\/\/okmr.biziel.pl\/index.php?rest_route=\/wp\/v2\/types\/page"}],"author":[{"embeddable":true,"href":"https:\/\/okmr.biziel.pl\/index.php?rest_route=\/wp\/v2\/users\/1"}],"replies":[{"embeddable":true,"href":"https:\/\/okmr.biziel.pl\/index.php?rest_route=%2Fwp%2Fv2%2Fcomments&post=182"}],"version-history":[{"count":28,"href":"https:\/\/okmr.biziel.pl\/index.php?rest_route=\/wp\/v2\/pages\/182\/revisions"}],"predecessor-version":[{"id":2721,"href":"https:\/\/okmr.biziel.pl\/index.php?rest_route=\/wp\/v2\/pages\/182\/revisions\/2721"}],"wp:attachment":[{"href":"https:\/\/okmr.biziel.pl\/index.php?rest_route=%2Fwp%2Fv2%2Fmedia&parent=182"}],"curies":[{"name":"wp","href":"https:\/\/api.w.org\/{rel}","templated":true}]}}