{"id":1252,"date":"2016-05-15T12:19:06","date_gmt":"2016-05-15T11:19:06","guid":{"rendered":"http:\/\/okmr.biziel.pl\/?page_id=1252"},"modified":"2018-11-12T09:52:40","modified_gmt":"2018-11-12T08:52:40","slug":"konferencja-organizowana-przez-okmr","status":"publish","type":"page","link":"https:\/\/okmr.biziel.pl\/?page_id=1252","title":{"rendered":""},"content":{"rendered":"<p style=\"text-align: center;\"><a href=\"http:\/\/okmr.biziel.pl\/wp-content\/uploads\/2016\/05\/male-logo.jpg\"><img loading=\"lazy\" decoding=\"async\" class=\"aligncenter size-full wp-image-1679\" title=\"male logo\" src=\"http:\/\/okmr.biziel.pl\/wp-content\/uploads\/2016\/05\/male-logo.jpg\" alt=\"\" width=\"349\" height=\"153\" \/><\/a><\/p>\n<p style=\"text-align: justify;\">W dniu <strong>13 maja 2016 r., w Pieczyskach<\/strong>, nad Zalewem Koronowskim, odby\u0142a si\u0119 I\u00a0Og\u00f3lnopolska Konferencja Naukowo-Szkoleniowa \u201eRatownictwo \u2013 wyzwania i mo\u017cliwo\u015bci\u201d. Organizatorem konferencji by\u0142 Oddzia\u0142 Kliniczny Medycyny Ratunkowej Szpitala Uniwersyteckiego nr 2 im. dr. Jana Biziela UMK Collegium Medicum w Bydgoszczy oraz Okr\u0119gowa Izba Piel\u0119gniarek i Po\u0142o\u017cnych w Bydgoszczy.<\/p>\n<p style=\"text-align: justify;\">W konferencji udzia\u0142 wzi\u0119li praktycy zwi\u0105zani z systemem ratownictwa medycznego: piel\u0119gniarki, ratownicy, lekarze a tak\u017ce studenci ratownictwa medycznego. Go\u015bciem spotkania by\u0142 konsultant ds. Medycyny Ratunkowej, wojew\u00f3dztwa kujawsko-pomorskiego dr Przemys\u0142aw Paciorek.<\/p>\n<p style=\"text-align: justify;\">Konferencja, zorganizowana po raz pierwszy, da\u0142a mo\u017cliwo\u015b\u0107 spotkania si\u0119, integracji oraz wymiany do\u015bwiadcze\u0144.<\/p>\n<p style=\"text-align: justify;\">Tematyka konferencji zosta\u0142a przedstawiona w dw\u00f3ch sesjach. W I sesji pt. \u201dDiagnostyka w ratownictwie \u2013 nie b\u00f3jmy si\u0119 jej\u201d dominowa\u0142y zagadnienia z szeroko poj\u0119tej medycyny ratunkowej. Na pocz\u0105tek dygresje historyczne na temat medycyny ratunkowej przybli\u017cy\u0142y uczestnikom sylwetk\u0119 J\u0119drzeja \u015aniadeckiego, urodzonego w \u017bninie, polskiego wsp\u00f3\u0142tw\u00f3rc\u0119 medycyny ratunkowej. W dalszej cz\u0119\u015bci poruszono niezwykle istotn\u0105 problematyk\u0119 b\u0142\u0119d\u00f3w segregacyjnych, diagnostycznych i terapeutycznych na poziomie SOR a tak\u017ce algorytmy post\u0119powania i badanie fizykalne pacjent\u00f3w z urazami jamy brzusznej. Sesja zako\u0144czy\u0142a si\u0119 przedstawieniem mo\u017cliwo\u015bci praktycznego wykorzystania sonostetoskopu na poziomie przedszpitalnym oraz bada\u0144 w diagnostyce uraz\u00f3w.<\/p>\n<p style=\"text-align: justify;\">W II sesji pt. \u201eCzasami proste rzeczy s\u0105 najtrudniejsze\u201d, mieli\u015bmy okazj\u0119 przekona\u0107 si\u0119, \u017ce proste rzeczy s\u0105 naprawd\u0119 trudne. Segregacja pacjent\u00f3w w SOR, techniki EKG, przenoszenie, ewakuacja i transport pacjent\u00f3w a tak\u017ce kluczowa rola komunikacji w\u015br\u00f3d personelu medycznego. Poruszono tak\u017ce problem dyskryminacji pacjent\u00f3w w podesz\u0142ym wieku przez personel medyczny.<\/p>\n<p style=\"text-align: justify;\">W cz\u0119\u015bci warsztatowej konferencji zatytu\u0142owanej \u201eDiagnostyka na \u017cywo\u201d uczestnicy zmierzyli si\u0119 z praktycznym wykonywaniem EKG, USG Fast oraz zaopatrywaniem i szyciem ran.<\/p>\n<p style=\"text-align: justify;\">Temat przewodni konferencji, \u201eRatownictwo &#8211; Mo\u017cliwo\u015bci i wyzwania\u201d, pokaza\u0142 nam jak wielki potencja\u0142 niesie ze sob\u0105 ratownictwo medyczne. I to wszystko jeszcze przed nami.<\/p>\n<p style=\"text-align: justify;\">Organizacj\u0119 konferencji, jako oficjalni partnerzy wspomogli: Starosta Bydgoski, Gmina Koronowo, Bank Sp\u00f3\u0142dzielczy w Koronowie, Domy Wczasowe WAM, Grupa Medyczna, Internetowy Sklep Ratowniczy Trzy Pi\u00f3ra, Oddzia\u0142 Kliniczny Chirurgii Og\u00f3lnej Gastroenterologicznej Kolorektalnej i Onkologicznej oraz SKN Dydaktyki Ratownictwa i\u00a0Fizjoterapii Pourazowej.<\/p>\n<p style=\"text-align: justify;\">Wszystkim uczestnikom konferencji, sponsorom i partnerom sk\u0142adamy gor\u0105ce podzi\u0119kowania za udzia\u0142 w naszym przedsi\u0119wzi\u0119ciu i okazane zaufanie.<\/p>\n<div id='gallery-1' class='gallery galleryid-1252 gallery-columns-3 gallery-size-thumbnail'><figure class='gallery-item'>\n\t\t\t<div class='gallery-icon landscape'>\n\t\t\t\t<a href='https:\/\/okmr.biziel.pl\/?attachment_id=1254'><img loading=\"lazy\" decoding=\"async\" width=\"150\" height=\"150\" src=\"https:\/\/okmr.biziel.pl\/wp-content\/uploads\/2016\/05\/DSC00258-150x150.jpg\" class=\"attachment-thumbnail size-thumbnail\" alt=\"\" sizes=\"auto, 100vw\" \/><\/a>\n\t\t\t<\/div><\/figure><figure class='gallery-item'>\n\t\t\t<div class='gallery-icon landscape'>\n\t\t\t\t<a href='https:\/\/okmr.biziel.pl\/?attachment_id=1278'><img loading=\"lazy\" decoding=\"async\" width=\"150\" height=\"150\" src=\"https:\/\/okmr.biziel.pl\/wp-content\/uploads\/2016\/05\/DSCN6328-150x150.jpg\" class=\"attachment-thumbnail size-thumbnail\" alt=\"\" sizes=\"auto, 100vw\" \/><\/a>\n\t\t\t<\/div><\/figure><figure class='gallery-item'>\n\t\t\t<div class='gallery-icon landscape'>\n\t\t\t\t<a href='https:\/\/okmr.biziel.pl\/?attachment_id=1281'><img loading=\"lazy\" decoding=\"async\" width=\"150\" height=\"150\" src=\"https:\/\/okmr.biziel.pl\/wp-content\/uploads\/2016\/05\/IMG_5846-150x150.jpg\" class=\"attachment-thumbnail size-thumbnail\" alt=\"\" sizes=\"auto, 100vw\" \/><\/a>\n\t\t\t<\/div><\/figure><figure class='gallery-item'>\n\t\t\t<div class='gallery-icon landscape'>\n\t\t\t\t<a href='https:\/\/okmr.biziel.pl\/?attachment_id=1679'><img loading=\"lazy\" decoding=\"async\" width=\"150\" height=\"132\" src=\"https:\/\/okmr.biziel.pl\/wp-content\/uploads\/2016\/05\/male-logo-150x132.jpg\" class=\"attachment-thumbnail size-thumbnail\" alt=\"\" sizes=\"auto, 100vw\" \/><\/a>\n\t\t\t<\/div><\/figure><figure class='gallery-item'>\n\t\t\t<div class='gallery-icon landscape'>\n\t\t\t\t<a href='https:\/\/okmr.biziel.pl\/?attachment_id=1255'><img loading=\"lazy\" decoding=\"async\" width=\"150\" height=\"150\" src=\"https:\/\/okmr.biziel.pl\/wp-content\/uploads\/2016\/05\/DSC00267-150x150.jpg\" class=\"attachment-thumbnail size-thumbnail\" alt=\"\" sizes=\"auto, 100vw\" \/><\/a>\n\t\t\t<\/div><\/figure><figure class='gallery-item'>\n\t\t\t<div class='gallery-icon landscape'>\n\t\t\t\t<a href='https:\/\/okmr.biziel.pl\/?attachment_id=1256'><img loading=\"lazy\" decoding=\"async\" width=\"150\" height=\"150\" src=\"https:\/\/okmr.biziel.pl\/wp-content\/uploads\/2016\/05\/DSC00282-150x150.jpg\" class=\"attachment-thumbnail size-thumbnail\" alt=\"\" sizes=\"auto, 100vw\" \/><\/a>\n\t\t\t<\/div><\/figure><figure class='gallery-item'>\n\t\t\t<div class='gallery-icon landscape'>\n\t\t\t\t<a href='https:\/\/okmr.biziel.pl\/?attachment_id=1257'><img loading=\"lazy\" decoding=\"async\" width=\"150\" height=\"150\" src=\"https:\/\/okmr.biziel.pl\/wp-content\/uploads\/2016\/05\/DSC00287-150x150.jpg\" class=\"attachment-thumbnail size-thumbnail\" alt=\"\" sizes=\"auto, 100vw\" \/><\/a>\n\t\t\t<\/div><\/figure><figure class='gallery-item'>\n\t\t\t<div class='gallery-icon landscape'>\n\t\t\t\t<a href='https:\/\/okmr.biziel.pl\/?attachment_id=1258'><img loading=\"lazy\" decoding=\"async\" width=\"150\" height=\"150\" src=\"https:\/\/okmr.biziel.pl\/wp-content\/uploads\/2016\/05\/DSC00289-150x150.jpg\" class=\"attachment-thumbnail size-thumbnail\" alt=\"\" sizes=\"auto, 100vw\" \/><\/a>\n\t\t\t<\/div><\/figure><figure class='gallery-item'>\n\t\t\t<div class='gallery-icon landscape'>\n\t\t\t\t<a href='https:\/\/okmr.biziel.pl\/?attachment_id=1259'><img loading=\"lazy\" decoding=\"async\" width=\"150\" height=\"150\" src=\"https:\/\/okmr.biziel.pl\/wp-content\/uploads\/2016\/05\/DSC00292-150x150.jpg\" class=\"attachment-thumbnail size-thumbnail\" alt=\"\" sizes=\"auto, 100vw\" \/><\/a>\n\t\t\t<\/div><\/figure><figure class='gallery-item'>\n\t\t\t<div class='gallery-icon landscape'>\n\t\t\t\t<a href='https:\/\/okmr.biziel.pl\/?attachment_id=1260'><img loading=\"lazy\" decoding=\"async\" width=\"150\" height=\"150\" src=\"https:\/\/okmr.biziel.pl\/wp-content\/uploads\/2016\/05\/DSC00301-150x150.jpg\" class=\"attachment-thumbnail size-thumbnail\" alt=\"\" sizes=\"auto, 100vw\" \/><\/a>\n\t\t\t<\/div><\/figure><figure class='gallery-item'>\n\t\t\t<div class='gallery-icon landscape'>\n\t\t\t\t<a href='https:\/\/okmr.biziel.pl\/?attachment_id=1261'><img loading=\"lazy\" decoding=\"async\" width=\"150\" height=\"150\" src=\"https:\/\/okmr.biziel.pl\/wp-content\/uploads\/2016\/05\/DSC00305-150x150.jpg\" class=\"attachment-thumbnail size-thumbnail\" alt=\"\" sizes=\"auto, 100vw\" \/><\/a>\n\t\t\t<\/div><\/figure><figure class='gallery-item'>\n\t\t\t<div class='gallery-icon landscape'>\n\t\t\t\t<a href='https:\/\/okmr.biziel.pl\/?attachment_id=1262'><img loading=\"lazy\" decoding=\"async\" width=\"150\" height=\"150\" src=\"https:\/\/okmr.biziel.pl\/wp-content\/uploads\/2016\/05\/DSC00311-150x150.jpg\" class=\"attachment-thumbnail size-thumbnail\" alt=\"\" sizes=\"auto, 100vw\" \/><\/a>\n\t\t\t<\/div><\/figure><figure class='gallery-item'>\n\t\t\t<div class='gallery-icon landscape'>\n\t\t\t\t<a href='https:\/\/okmr.biziel.pl\/?attachment_id=1263'><img loading=\"lazy\" decoding=\"async\" width=\"150\" height=\"150\" src=\"https:\/\/okmr.biziel.pl\/wp-content\/uploads\/2016\/05\/DSC00324-150x150.jpg\" class=\"attachment-thumbnail size-thumbnail\" alt=\"\" sizes=\"auto, 100vw\" \/><\/a>\n\t\t\t<\/div><\/figure><figure class='gallery-item'>\n\t\t\t<div class='gallery-icon landscape'>\n\t\t\t\t<a href='https:\/\/okmr.biziel.pl\/?attachment_id=1264'><img loading=\"lazy\" decoding=\"async\" width=\"150\" height=\"150\" src=\"https:\/\/okmr.biziel.pl\/wp-content\/uploads\/2016\/05\/DSC00329-150x150.jpg\" class=\"attachment-thumbnail size-thumbnail\" alt=\"\" sizes=\"auto, 100vw\" \/><\/a>\n\t\t\t<\/div><\/figure><figure class='gallery-item'>\n\t\t\t<div class='gallery-icon landscape'>\n\t\t\t\t<a href='https:\/\/okmr.biziel.pl\/?attachment_id=1265'><img loading=\"lazy\" decoding=\"async\" width=\"150\" height=\"150\" src=\"https:\/\/okmr.biziel.pl\/wp-content\/uploads\/2016\/05\/DSC00332-150x150.jpg\" class=\"attachment-thumbnail size-thumbnail\" alt=\"\" sizes=\"auto, 100vw\" \/><\/a>\n\t\t\t<\/div><\/figure><figure class='gallery-item'>\n\t\t\t<div class='gallery-icon landscape'>\n\t\t\t\t<a href='https:\/\/okmr.biziel.pl\/?attachment_id=1266'><img loading=\"lazy\" decoding=\"async\" width=\"150\" height=\"150\" src=\"https:\/\/okmr.biziel.pl\/wp-content\/uploads\/2016\/05\/DSC00359-150x150.jpg\" class=\"attachment-thumbnail size-thumbnail\" alt=\"\" sizes=\"auto, 100vw\" \/><\/a>\n\t\t\t<\/div><\/figure><figure class='gallery-item'>\n\t\t\t<div class='gallery-icon landscape'>\n\t\t\t\t<a href='https:\/\/okmr.biziel.pl\/?attachment_id=1267'><img loading=\"lazy\" decoding=\"async\" width=\"150\" height=\"150\" src=\"https:\/\/okmr.biziel.pl\/wp-content\/uploads\/2016\/05\/DSC00363-150x150.jpg\" class=\"attachment-thumbnail size-thumbnail\" alt=\"\" sizes=\"auto, 100vw\" \/><\/a>\n\t\t\t<\/div><\/figure><figure class='gallery-item'>\n\t\t\t<div class='gallery-icon landscape'>\n\t\t\t\t<a href='https:\/\/okmr.biziel.pl\/?attachment_id=1269'><img loading=\"lazy\" decoding=\"async\" width=\"150\" height=\"150\" src=\"https:\/\/okmr.biziel.pl\/wp-content\/uploads\/2016\/05\/DSC00377-150x150.jpg\" class=\"attachment-thumbnail size-thumbnail\" alt=\"\" sizes=\"auto, 100vw\" \/><\/a>\n\t\t\t<\/div><\/figure><figure class='gallery-item'>\n\t\t\t<div class='gallery-icon landscape'>\n\t\t\t\t<a href='https:\/\/okmr.biziel.pl\/?attachment_id=1270'><img loading=\"lazy\" decoding=\"async\" width=\"150\" height=\"150\" src=\"https:\/\/okmr.biziel.pl\/wp-content\/uploads\/2016\/05\/DSC00424-150x150.jpg\" class=\"attachment-thumbnail size-thumbnail\" alt=\"\" sizes=\"auto, 100vw\" \/><\/a>\n\t\t\t<\/div><\/figure><figure class='gallery-item'>\n\t\t\t<div class='gallery-icon landscape'>\n\t\t\t\t<a href='https:\/\/okmr.biziel.pl\/?attachment_id=1271'><img loading=\"lazy\" decoding=\"async\" width=\"150\" height=\"150\" src=\"https:\/\/okmr.biziel.pl\/wp-content\/uploads\/2016\/05\/DSC00440-150x150.jpg\" class=\"attachment-thumbnail size-thumbnail\" alt=\"\" sizes=\"auto, 100vw\" \/><\/a>\n\t\t\t<\/div><\/figure><figure class='gallery-item'>\n\t\t\t<div class='gallery-icon landscape'>\n\t\t\t\t<a href='https:\/\/okmr.biziel.pl\/?attachment_id=1272'><img loading=\"lazy\" decoding=\"async\" width=\"150\" height=\"150\" src=\"https:\/\/okmr.biziel.pl\/wp-content\/uploads\/2016\/05\/DSC00449-150x150.jpg\" class=\"attachment-thumbnail size-thumbnail\" alt=\"\" sizes=\"auto, 100vw\" \/><\/a>\n\t\t\t<\/div><\/figure><figure class='gallery-item'>\n\t\t\t<div class='gallery-icon portrait'>\n\t\t\t\t<a href='https:\/\/okmr.biziel.pl\/?attachment_id=1283'><img loading=\"lazy\" decoding=\"async\" width=\"150\" height=\"150\" src=\"https:\/\/okmr.biziel.pl\/wp-content\/uploads\/2016\/05\/IMG_5893-150x150.jpg\" class=\"attachment-thumbnail size-thumbnail\" alt=\"\" sizes=\"auto, 100vw\" \/><\/a>\n\t\t\t<\/div><\/figure><figure class='gallery-item'>\n\t\t\t<div class='gallery-icon landscape'>\n\t\t\t\t<a href='https:\/\/okmr.biziel.pl\/?attachment_id=1284'><img loading=\"lazy\" decoding=\"async\" width=\"150\" height=\"150\" src=\"https:\/\/okmr.biziel.pl\/wp-content\/uploads\/2016\/05\/IMG_5920-150x150.jpg\" class=\"attachment-thumbnail size-thumbnail\" alt=\"\" sizes=\"auto, 100vw\" \/><\/a>\n\t\t\t<\/div><\/figure><figure class='gallery-item'>\n\t\t\t<div class='gallery-icon landscape'>\n\t\t\t\t<a href='https:\/\/okmr.biziel.pl\/?attachment_id=1289'><img loading=\"lazy\" decoding=\"async\" width=\"150\" height=\"150\" src=\"https:\/\/okmr.biziel.pl\/wp-content\/uploads\/2016\/05\/IMG_5990-150x150.jpg\" class=\"attachment-thumbnail size-thumbnail\" alt=\"\" sizes=\"auto, 100vw\" \/><\/a>\n\t\t\t<\/div><\/figure><figure class='gallery-item'>\n\t\t\t<div class='gallery-icon landscape'>\n\t\t\t\t<a href='https:\/\/okmr.biziel.pl\/?attachment_id=1288'><img loading=\"lazy\" decoding=\"async\" width=\"150\" height=\"150\" src=\"https:\/\/okmr.biziel.pl\/wp-content\/uploads\/2016\/05\/IMG_5957-150x150.jpg\" class=\"attachment-thumbnail size-thumbnail\" alt=\"\" sizes=\"auto, 100vw\" \/><\/a>\n\t\t\t<\/div><\/figure><figure class='gallery-item'>\n\t\t\t<div class='gallery-icon landscape'>\n\t\t\t\t<a href='https:\/\/okmr.biziel.pl\/?attachment_id=1280'><img loading=\"lazy\" decoding=\"async\" width=\"150\" height=\"150\" src=\"https:\/\/okmr.biziel.pl\/wp-content\/uploads\/2016\/05\/DSCN6349-150x150.jpg\" class=\"attachment-thumbnail size-thumbnail\" alt=\"\" sizes=\"auto, 100vw\" \/><\/a>\n\t\t\t<\/div><\/figure><figure class='gallery-item'>\n\t\t\t<div class='gallery-icon landscape'>\n\t\t\t\t<a href='https:\/\/okmr.biziel.pl\/?attachment_id=1279'><img loading=\"lazy\" decoding=\"async\" width=\"150\" height=\"150\" src=\"https:\/\/okmr.biziel.pl\/wp-content\/uploads\/2016\/05\/DSCN6345-150x150.jpg\" class=\"attachment-thumbnail size-thumbnail\" alt=\"\" sizes=\"auto, 100vw\" \/><\/a>\n\t\t\t<\/div><\/figure><figure class='gallery-item'>\n\t\t\t<div class='gallery-icon landscape'>\n\t\t\t\t<a href='https:\/\/okmr.biziel.pl\/?attachment_id=1282'><img loading=\"lazy\" decoding=\"async\" width=\"150\" height=\"150\" src=\"https:\/\/okmr.biziel.pl\/wp-content\/uploads\/2016\/05\/IMG_5857-150x150.jpg\" class=\"attachment-thumbnail size-thumbnail\" alt=\"\" sizes=\"auto, 100vw\" \/><\/a>\n\t\t\t<\/div><\/figure><figure class='gallery-item'>\n\t\t\t<div class='gallery-icon landscape'>\n\t\t\t\t<a href='https:\/\/okmr.biziel.pl\/?attachment_id=1287'><img loading=\"lazy\" decoding=\"async\" width=\"150\" height=\"150\" src=\"https:\/\/okmr.biziel.pl\/wp-content\/uploads\/2016\/05\/IMG_59261-150x150.jpg\" class=\"attachment-thumbnail size-thumbnail\" alt=\"\" sizes=\"auto, 100vw\" \/><\/a>\n\t\t\t<\/div><\/figure><figure class='gallery-item'>\n\t\t\t<div class='gallery-icon landscape'>\n\t\t\t\t<a href='https:\/\/okmr.biziel.pl\/?attachment_id=1286'><img loading=\"lazy\" decoding=\"async\" width=\"150\" height=\"150\" src=\"https:\/\/okmr.biziel.pl\/wp-content\/uploads\/2016\/05\/DSCN6313-150x150.jpg\" class=\"attachment-thumbnail size-thumbnail\" alt=\"\" sizes=\"auto, 100vw\" \/><\/a>\n\t\t\t<\/div><\/figure>\n\t\t<\/div>\n\n","protected":false},"excerpt":{"rendered":"<p>W dniu 13 maja 2016 r., w Pieczyskach, nad Zalewem Koronowskim, odby\u0142a si\u0119 I\u00a0Og\u00f3lnopolska Konferencja Naukowo-Szkoleniowa \u201eRatownictwo \u2013 wyzwania i mo\u017cliwo\u015bci\u201d. Organizatorem konferencji by\u0142 Oddzia\u0142 Kliniczny Medycyny Ratunkowej Szpitala Uniwersyteckiego nr 2 im. dr. Jana Biziela UMK Collegium Medicum w Bydgoszczy oraz Okr\u0119gowa Izba Piel\u0119gniarek i Po\u0142o\u017cnych w Bydgoszczy. W konferencji udzia\u0142 wzi\u0119li praktycy zwi\u0105zani &hellip; <\/p>\n<p class=\"link-more\"><a href=\"https:\/\/okmr.biziel.pl\/?page_id=1252\" class=\"more-link\">Czytaj dalej<span class=\"screen-reader-text\"> \u201e\u201d<\/span><\/a><\/p>\n","protected":false},"author":3,"featured_media":0,"parent":0,"menu_order":5,"comment_status":"closed","ping_status":"closed","template":"onecolumn-page.php","meta":{"footnotes":""},"class_list":["post-1252","page","type-page","status-publish","hentry"],"_links":{"self":[{"href":"https:\/\/okmr.biziel.pl\/index.php?rest_route=\/wp\/v2\/pages\/1252","targetHints":{"allow":["GET"]}}],"collection":[{"href":"https:\/\/okmr.biziel.pl\/index.php?rest_route=\/wp\/v2\/pages"}],"about":[{"href":"https:\/\/okmr.biziel.pl\/index.php?rest_route=\/wp\/v2\/types\/page"}],"author":[{"embeddable":true,"href":"https:\/\/okmr.biziel.pl\/index.php?rest_route=\/wp\/v2\/users\/3"}],"replies":[{"embeddable":true,"href":"https:\/\/okmr.biziel.pl\/index.php?rest_route=%2Fwp%2Fv2%2Fcomments&post=1252"}],"version-history":[{"count":16,"href":"https:\/\/okmr.biziel.pl\/index.php?rest_route=\/wp\/v2\/pages\/1252\/revisions"}],"predecessor-version":[{"id":3032,"href":"https:\/\/okmr.biziel.pl\/index.php?rest_route=\/wp\/v2\/pages\/1252\/revisions\/3032"}],"wp:attachment":[{"href":"https:\/\/okmr.biziel.pl\/index.php?rest_route=%2Fwp%2Fv2%2Fmedia&parent=1252"}],"curies":[{"name":"wp","href":"https:\/\/api.w.org\/{rel}","templated":true}]}}